{"id":1548,"date":"2025-11-03T14:07:20","date_gmt":"2025-11-03T12:07:20","guid":{"rendered":"https:\/\/www.ginecolegs.com\/aviso-legal\/"},"modified":"2026-01-28T11:14:46","modified_gmt":"2026-01-28T09:14:46","slug":"aviso-legal","status":"publish","type":"page","link":"https:\/\/www.ginecolegs.com\/es\/aviso-legal\/","title":{"rendered":"Aviso Legal"},"content":{"rendered":"\t\t<div data-elementor-type=\"wp-page\" data-elementor-id=\"1548\" class=\"elementor elementor-1548 elementor-336\">\n\t\t\t\t<div class=\"elementor-element elementor-element-dddd130 e-flex e-con-boxed e-con e-parent\" data-id=\"dddd130\" data-element_type=\"container\">\n\t\t\t\t\t<div class=\"e-con-inner\">\n\t\t\t\t<div class=\"elementor-element elementor-element-87ace22 elementor-widget elementor-widget-text-editor\" data-id=\"87ace22\" data-element_type=\"widget\" data-widget_type=\"text-editor.default\">\n\t\t\t\t<div class=\"elementor-widget-container\">\n\t\t\t\t\t\t\t\t\t<p data-path-to-node=\"4\">En cumplimiento del deber de informaci\u00f3n establecido en el art\u00edculo 10 de la Ley 34\/2002, de 11 de julio, de Servicios de la Sociedad de la Informaci\u00f3n y de Comercio Electr\u00f3nico (LSSI-CE), se facilitan los siguientes datos de informaci\u00f3n general de este sitio web:<\/p><h3 data-path-to-node=\"5\">1. Datos Identificativos<\/h3><p data-path-to-node=\"6\">El titular del sitio <b data-path-to-node=\"6\" data-index-in-node=\"24\"><a class=\"ng-star-inserted\" href=\"https:\/\/www.ginecolegs.com\/es\/\" target=\"_blank\" rel=\"noopener\" data-hveid=\"0\" data-ved=\"0CAAQ_4QMahgKEwir2qaX6a2SAxUAAAAAHQAAAAAQhQE\">www.ginecolegs.com<\/a><\/b> es:<\/p><ul data-path-to-node=\"7\"><li><p data-path-to-node=\"7,2,0\">Domicilio: Calle Girona, 6, 2\u00ba &#8211; 08402 Granollers (Barcelona)<\/p><\/li><li><p data-path-to-node=\"7,3,0\">Tel\u00e9fono: 93 870 68 88<\/p><\/li><li><p data-path-to-node=\"7,4,0\">Correo electr\u00f3nico: ginecolegs@gmail.com<\/p><\/li><\/ul><h3 data-path-to-node=\"8\">2. Objeto<\/h3><p data-path-to-node=\"9\">Este Aviso Legal regula el uso del sitio web que el centro pone a disposici\u00f3n de los usuarios. El acceso y navegaci\u00f3n por el sitio web implica la aceptaci\u00f3n sin reservas de todas las condiciones incluidas en este documento. <\/p><h3 data-path-to-node=\"10\">3. Propiedad Intelectual e Industrial<\/h3><p data-path-to-node=\"11\">Todos los contenidos de este sitio web (textos, gr\u00e1ficos, fotograf\u00edas, logotipos, iconos, software, etc.) son propiedad de Ginecolegs o de sus leg\u00edtimos titulares. Queda prohibida su reproducci\u00f3n, distribuci\u00f3n o transformaci\u00f3n sin la autorizaci\u00f3n expresa por escrito de sus titulares. <\/p><h3 data-path-to-node=\"12\">4. Responsabilidad de los Contenidos<\/h3><p data-path-to-node=\"13\">El usuario se compromete a realizar un uso adecuado del sitio web. Ginec\u00f3logos no se hace responsable de los da\u00f1os y perjuicios que puedan derivarse de interrupciones del servicio, virus inform\u00e1ticos o mal uso por parte de terceros. El contenido de esta web es informativo y en ning\u00fan caso sustituye al diagn\u00f3stico m\u00e9dico profesional. <\/p><h3 data-path-to-node=\"14\">5. Protecci\u00f3n de Datos (RGPD)<\/h3><p data-path-to-node=\"15\">De conformidad con el Reglamento (UE) 2016\/679, le informamos que los datos personales que nos facilite a trav\u00e9s del correo electr\u00f3nico o formularios ser\u00e1n tratados con el fin de gestionar su consulta o cita m\u00e9dica. Puede ejercer sus derechos de acceso, rectificaci\u00f3n, supresi\u00f3n y oposici\u00f3n enviando un correo a ginecolegs@gmail.com. <\/p><h3 data-path-to-node=\"16\">6. Legislaci\u00f3n Aplicable<\/h3><p data-path-to-node=\"17\">Estas condiciones se rigen por la legislaci\u00f3n espa\u00f1ola. Cualquier controversia relativa al sitio web se someter\u00e1 a los juzgados y tribunales de Granollers. <\/p>\t\t\t\t\t\t\t\t<\/div>\n\t\t\t\t<\/div>\n\t\t\t\t\t<\/div>\n\t\t\t\t<\/div>\n\t\t<div class=\"elementor-element elementor-element-171cc91 e-flex e-con-boxed e-con e-parent\" data-id=\"171cc91\" data-element_type=\"container\">\n\t\t\t\t\t<div class=\"e-con-inner\">\n\t\t\t\t<div class=\"elementor-element elementor-element-78d03d3 elementor-widget elementor-widget-text-editor\" data-id=\"78d03d3\" data-element_type=\"widget\" data-widget_type=\"text-editor.default\">\n\t\t\t\t<div class=\"elementor-widget-container\">\n\t\t\t\t\t\t\t\t\t<div class=\"et_pb_text_8 et_pb_text et_pb_bg_layout_light et_pb_module et_block_module preset--module--divi-text--32c1a384-6219-437b-b21f-a0ac8939972f\"><div class=\"et_pb_text_inner\"><h5>Financiado por la Uni\u00f3n Europea \u2013 NextGenerationEU<\/h5><\/div><\/div>\t\t\t\t\t\t\t\t<\/div>\n\t\t\t\t<\/div>\n\t\t\t\t<div class=\"elementor-element elementor-element-c55082e elementor-widget elementor-widget-image\" data-id=\"c55082e\" data-element_type=\"widget\" data-widget_type=\"image.default\">\n\t\t\t\t<div class=\"elementor-widget-container\">\n\t\t\t\t\t\t\t\t\t\t\t\t\t\t\t<img loading=\"lazy\" decoding=\"async\" width=\"651\" height=\"91\" loading=\"lazy\" src=\"https:\/\/www.ginecolegs.com\/app\/uploads\/2026\/01\/Captura-de-pantalla-2025-05-29-a-les-13.36.12-2.png\" class=\"attachment-large size-large wp-image-1547\" alt=\"\" srcset=\"https:\/\/www.ginecolegs.com\/app\/uploads\/2026\/01\/Captura-de-pantalla-2025-05-29-a-les-13.36.12-2.png 651w, https:\/\/www.ginecolegs.com\/app\/uploads\/2026\/01\/Captura-de-pantalla-2025-05-29-a-les-13.36.12-2-300x42.png 300w\" sizes=\"auto, (max-width: 651px) 100vw, 651px\" \/>\t\t\t\t\t\t\t\t\t\t\t\t\t\t\t<\/div>\n\t\t\t\t<\/div>\n\t\t\t\t\t<\/div>\n\t\t\t\t<\/div>\n\t\t\t\t<\/div>\n\t\t","protected":false},"excerpt":{"rendered":"<p>En cumplimiento del deber de informaci\u00f3n establecido en el art\u00edculo 10 de la Ley 34\/2002, de 11 de julio, de Servicios de la Sociedad de la Informaci\u00f3n y de Comercio Electr\u00f3nico (LSSI-CE), se facilitan los siguientes datos de informaci\u00f3n general de este sitio web: 1. Datos Identificativos El titular del sitio www.ginecolegs.com es: Domicilio: Calle [&hellip;]<\/p>\n","protected":false},"author":1,"featured_media":0,"parent":0,"menu_order":0,"comment_status":"closed","ping_status":"closed","template":"","meta":{"footnotes":""},"class_list":["post-1548","page","type-page","status-publish","hentry"],"_links":{"self":[{"href":"https:\/\/www.ginecolegs.com\/es\/wp-json\/wp\/v2\/pages\/1548","targetHints":{"allow":["GET"]}}],"collection":[{"href":"https:\/\/www.ginecolegs.com\/es\/wp-json\/wp\/v2\/pages"}],"about":[{"href":"https:\/\/www.ginecolegs.com\/es\/wp-json\/wp\/v2\/types\/page"}],"author":[{"embeddable":true,"href":"https:\/\/www.ginecolegs.com\/es\/wp-json\/wp\/v2\/users\/1"}],"replies":[{"embeddable":true,"href":"https:\/\/www.ginecolegs.com\/es\/wp-json\/wp\/v2\/comments?post=1548"}],"version-history":[{"count":0,"href":"https:\/\/www.ginecolegs.com\/es\/wp-json\/wp\/v2\/pages\/1548\/revisions"}],"wp:attachment":[{"href":"https:\/\/www.ginecolegs.com\/es\/wp-json\/wp\/v2\/media?parent=1548"}],"curies":[{"name":"wp","href":"https:\/\/api.w.org\/{rel}","templated":true}]}}