{"id":1508,"date":"2025-11-03T14:09:24","date_gmt":"2025-11-03T12:09:24","guid":{"rendered":"https:\/\/www.ginecolegs.com\/politica-de-cookies\/"},"modified":"2026-01-28T11:24:52","modified_gmt":"2026-01-28T09:24:52","slug":"politica-de-cookies","status":"publish","type":"page","link":"https:\/\/www.ginecolegs.com\/es\/politica-de-cookies\/","title":{"rendered":"Pol\u00edtica de cookies"},"content":{"rendered":"\t\t<div data-elementor-type=\"wp-page\" data-elementor-id=\"1508\" class=\"elementor elementor-1508 elementor-339\">\n\t\t\t\t<div class=\"elementor-element elementor-element-582db67 e-flex e-con-boxed e-con e-parent\" data-id=\"582db67\" data-element_type=\"container\">\n\t\t\t\t\t<div class=\"e-con-inner\">\n\t\t\t\t<div class=\"elementor-element elementor-element-dc1b244 elementor-widget elementor-widget-text-editor\" data-id=\"dc1b244\" data-element_type=\"widget\" data-widget_type=\"text-editor.default\">\n\t\t\t\t<div class=\"elementor-widget-container\">\n\t\t\t\t\t\t\t\t\t<p data-path-to-node=\"3\">El sitio web <b data-path-to-node=\"3\" data-index-in-node=\"12\"><a class=\"ng-star-inserted\" href=\"https:\/\/www.ginecolegs.com\/es\/\" target=\"_blank\" rel=\"noopener\" data-hveid=\"0\" data-ved=\"0CAAQ_4QMahgKEwir2qaX6a2SAxUAAAAAHQAAAAAQ0wE\">www.ginecolegs.com<\/a><\/b> utiliza cookies propias y de terceros para mejorar la experiencia del usuario y analizar el tr\u00e1fico web.<\/p><h3 data-path-to-node=\"4\">1. \u00bfQu\u00e9 son las cookies?<\/h3><p data-path-to-node=\"5\">Las cookies son peque\u00f1os archivos de texto que se descargan en su dispositivo (ordenador, tableta o smartphone) al visitar un sitio web. Permiten que la web recuerde informaci\u00f3n sobre su visita, como el idioma preferido y otras opciones, lo que facilita su pr\u00f3xima visita. <\/p><h3 data-path-to-node=\"6\">2. Tipo de Cookies que utilizamos<\/h3><ul data-path-to-node=\"7\"><li><p data-path-to-node=\"7,0,0\"><b data-path-to-node=\"7,0,0\" data-index-in-node=\"0\">Cookies T\u00e9cnicas:<\/b> Son imprescindibles para el correcto funcionamiento de la web, como la gesti\u00f3n de la sesi\u00f3n o el selector de idioma (catal\u00e1n\/castellano).<\/p><\/li><li><p data-path-to-node=\"7,1,0\"><b data-path-to-node=\"7,1,0\" data-index-in-node=\"0\">Cookies de An\u00e1lisis:<\/b> Permiten cuantificar el n\u00famero de usuarios y realizar la medici\u00f3n y an\u00e1lisis estad\u00edstico de la utilizaci\u00f3n que realizan los usuarios de la web para mejorar nuestros servicios.<\/p><\/li><li><p data-path-to-node=\"7,2,0\"><b data-path-to-node=\"7,2,0\" data-index-in-node=\"0\">Cookies de Terceros:<\/b> Esta web puede utilizar servicios de terceros (como Google Maps para nuestra ubicaci\u00f3n en Granollers) que pueden instalar cookies propias para su funcionamiento.<\/p><\/li><\/ul><h3 data-path-to-node=\"8\">3. Configuraci\u00f3n y desactivaci\u00f3n<\/h3><p data-path-to-node=\"9\">Como usuario, tiene la posibilidad de aceptar, bloquear o eliminar las Cookies instaladas en su equipo mediante la configuraci\u00f3n de las opciones del navegador:<\/p><ul data-path-to-node=\"10\"><li><p data-path-to-node=\"10,0,0\"><b data-path-to-node=\"10,0,0\" data-index-in-node=\"0\">Chrome:<\/b> Configuraci\u00f3n -&gt; Privacidad y seguridad -&gt; Cookies y otros datos de sitios.<\/p><\/li><li><p data-path-to-node=\"10,1,0\"><b data-path-to-node=\"10,1,0\" data-index-in-node=\"0\">Firefox:<\/b> Opciones -&gt; Privacidad y seguridad -&gt; Cookies y datos del sitio.<\/p><\/li><li><p data-path-to-node=\"10,2,0\"><b data-path-to-node=\"10,2,0\" data-index-in-node=\"0\">Safari:<\/b> Preferencias -&gt; Privacidad -&gt; Cookies y datos del sitio web.<\/p><\/li><\/ul><p data-path-to-node=\"11\">Si bloquea el uso de cookies en su navegador, es posible que algunos servicios o funcionalidades del sitio web no est\u00e9n disponibles.<\/p><h3 data-path-to-node=\"12\">4. Consentimiento<\/h3><p data-path-to-node=\"13\">Al navegar y continuar en nuestro sitio web, indique que est\u00e1 conserntiendo el uso de las Cookies antes enunciadas, y en las condiciones contenidas en esta Pol\u00edtica de Cookies.<\/p>\t\t\t\t\t\t\t\t<\/div>\n\t\t\t\t<\/div>\n\t\t\t\t\t<\/div>\n\t\t\t\t<\/div>\n\t\t\t\t<\/div>\n\t\t","protected":false},"excerpt":{"rendered":"<p>El sitio web www.ginecolegs.com utiliza cookies propias y de terceros para mejorar la experiencia del usuario y analizar el tr\u00e1fico web. 1. \u00bfQu\u00e9 son las cookies? Las cookies son peque\u00f1os archivos de texto que se descargan en su dispositivo (ordenador, tableta o smartphone) al visitar un sitio web. Permiten que la web recuerde informaci\u00f3n sobre [&hellip;]<\/p>\n","protected":false},"author":1,"featured_media":0,"parent":0,"menu_order":0,"comment_status":"closed","ping_status":"closed","template":"","meta":{"footnotes":""},"class_list":["post-1508","page","type-page","status-publish","hentry"],"_links":{"self":[{"href":"https:\/\/www.ginecolegs.com\/es\/wp-json\/wp\/v2\/pages\/1508","targetHints":{"allow":["GET"]}}],"collection":[{"href":"https:\/\/www.ginecolegs.com\/es\/wp-json\/wp\/v2\/pages"}],"about":[{"href":"https:\/\/www.ginecolegs.com\/es\/wp-json\/wp\/v2\/types\/page"}],"author":[{"embeddable":true,"href":"https:\/\/www.ginecolegs.com\/es\/wp-json\/wp\/v2\/users\/1"}],"replies":[{"embeddable":true,"href":"https:\/\/www.ginecolegs.com\/es\/wp-json\/wp\/v2\/comments?post=1508"}],"version-history":[{"count":0,"href":"https:\/\/www.ginecolegs.com\/es\/wp-json\/wp\/v2\/pages\/1508\/revisions"}],"wp:attachment":[{"href":"https:\/\/www.ginecolegs.com\/es\/wp-json\/wp\/v2\/media?parent=1508"}],"curies":[{"name":"wp","href":"https:\/\/api.w.org\/{rel}","templated":true}]}}