{"id":1506,"date":"2025-10-08T11:25:17","date_gmt":"2025-10-08T09:25:17","guid":{"rendered":"https:\/\/www.ginecolegs.com\/menopausia\/"},"modified":"2025-12-23T14:26:39","modified_gmt":"2025-12-23T12:26:39","slug":"menopausia","status":"publish","type":"page","link":"https:\/\/www.ginecolegs.com\/es\/menopausia\/","title":{"rendered":"Menopausia"},"content":{"rendered":"\t\t<div data-elementor-type=\"wp-page\" data-elementor-id=\"1506\" class=\"elementor elementor-1506 elementor-145\">\n\t\t\t\t<div class=\"elementor-element elementor-element-383c8d3 e-flex e-con-boxed e-con e-parent\" data-id=\"383c8d3\" data-element_type=\"container\">\n\t\t\t\t\t<div class=\"e-con-inner\">\n\t\t<div class=\"elementor-element elementor-element-01a594d e-con-full e-flex e-con e-child\" data-id=\"01a594d\" data-element_type=\"container\">\n\t\t\t\t<div class=\"elementor-element elementor-element-76d4589 elementor-widget elementor-widget-image\" data-id=\"76d4589\" data-element_type=\"widget\" data-widget_type=\"image.default\">\n\t\t\t\t<div class=\"elementor-widget-container\">\n\t\t\t\t\t\t\t\t\t\t\t\t\t\t\t<img loading=\"lazy\" decoding=\"async\" width=\"631\" height=\"444\" loading=\"lazy\" src=\"https:\/\/www.ginecolegs.com\/app\/uploads\/2025\/10\/menopausa.jpg\" class=\"attachment-large size-large wp-image-410\" alt=\"\" srcset=\"https:\/\/www.ginecolegs.com\/app\/uploads\/2025\/10\/menopausa.jpg 631w, https:\/\/www.ginecolegs.com\/app\/uploads\/2025\/10\/menopausa-300x211.jpg 300w\" sizes=\"auto, (max-width: 631px) 100vw, 631px\" \/>\t\t\t\t\t\t\t\t\t\t\t\t\t\t\t<\/div>\n\t\t\t\t<\/div>\n\t\t\t\t<\/div>\n\t\t<div class=\"elementor-element elementor-element-05a38ce e-con-full e-flex e-con e-child\" data-id=\"05a38ce\" data-element_type=\"container\">\n\t\t\t\t<div class=\"elementor-element elementor-element-3752ca8 elementor-widget elementor-widget-text-editor\" data-id=\"3752ca8\" data-element_type=\"widget\" data-widget_type=\"text-editor.default\">\n\t\t\t\t<div class=\"elementor-widget-container\">\n\t\t\t\t\t\t\t\t\t<p data-start=\"267\" data-end=\"293\">QU\u00c9 ES LA MENOPAUSIA<\/p>\t\t\t\t\t\t\t\t<\/div>\n\t\t\t\t<\/div>\n\t\t\t\t<div class=\"elementor-element elementor-element-22049c2 elementor-widget elementor-widget-heading\" data-id=\"22049c2\" data-element_type=\"widget\" data-widget_type=\"heading.default\">\n\t\t\t\t<div class=\"elementor-widget-container\">\n\t\t\t\t\t<h2 class=\"elementor-heading-title elementor-size-default\">El cese natural de la funci\u00f3n ov\u00e1rica<\/h2>\t\t\t\t<\/div>\n\t\t\t\t<\/div>\n\t\t\t\t<div class=\"elementor-element elementor-element-abd8e97 elementor-widget elementor-widget-text-editor\" data-id=\"abd8e97\" data-element_type=\"widget\" data-widget_type=\"text-editor.default\">\n\t\t\t\t<div class=\"elementor-widget-container\">\n\t\t\t\t\t\t\t\t\t<p data-start=\"339\" data-end=\"716\">La menopausia marca el final definitivo de la funci\u00f3n ov\u00e1rica y, por lo tanto, la desaparici\u00f3n de las reglas. Se suele presentar alrededor de los 50 a\u00f1os y se considera instaurada cuando ha pasado un a\u00f1o desde la \u00faltima menstruaci\u00f3n. <br data-start=\"568\" data-end=\"571\">Es una etapa natural en la vida de la mujer que merece atenci\u00f3n, informaci\u00f3n y acompa\u00f1amiento profesional para vivirla con salud y tranquilidad.<\/p>\t\t\t\t\t\t\t\t<\/div>\n\t\t\t\t<\/div>\n\t\t\t\t<\/div>\n\t\t\t\t\t<\/div>\n\t\t\t\t<\/div>\n\t\t<div class=\"elementor-element elementor-element-1d5bde8 e-flex e-con-boxed e-con e-parent\" data-id=\"1d5bde8\" data-element_type=\"container\" data-settings=\"{&quot;background_background&quot;:&quot;classic&quot;}\">\n\t\t\t\t\t<div class=\"e-con-inner\">\n\t\t<div class=\"elementor-element elementor-element-ca6c9ff e-con-full e-flex e-con e-child\" data-id=\"ca6c9ff\" data-element_type=\"container\">\n\t\t\t\t<div class=\"elementor-element elementor-element-032504d elementor-widget elementor-widget-text-editor\" data-id=\"032504d\" data-element_type=\"widget\" data-widget_type=\"text-editor.default\">\n\t\t\t\t<div class=\"elementor-widget-container\">\n\t\t\t\t\t\t\t\t\t<p>Hay que establecer una diferencia entre <strong>menopausia y climaterio.<\/strong><\/p><p><strong>Climaterio<\/strong> es el periodo que va desde el estado reproductivo de la vida al estado no f\u00e9rtil de la vida y lo que sigue. Incluye las fases siguientes: <\/p><ul><li><strong>Perimenopausia<\/strong>: precede a la menopausia; puede durar a\u00f1os o meses y va acompa\u00f1ado de alteraciones del ciclo menstrual.<\/li><li><strong>Menopausia<\/strong>: desaparici\u00f3n definitiva de las reglas de un a\u00f1o de evoluci\u00f3n.<\/li><li><strong>Postmenopausia<\/strong>: periodo a partir de la menopausia.<\/li><\/ul><p>Con la menopausia se produce una disminuci\u00f3n de las hormonas femeninas y esto repercute en todo el organismo de forma progresiva y con una intensidad diferente en cada mujer. Para muchas mujeres de la cultura occidental la menopausia supone un &#8216;envejecimiento&#8217; en una sociedad que enaltece la juventud. <\/p><p>La gran diversidad de los s\u00edntomas hace que la orientaci\u00f3n y el tratamiento del climaterio deban ser necesariamente personalizados.<\/p>\t\t\t\t\t\t\t\t<\/div>\n\t\t\t\t<\/div>\n\t\t\t\t<div class=\"elementor-element elementor-element-53a44df elementor-widget elementor-widget-heading\" data-id=\"53a44df\" data-element_type=\"widget\" data-widget_type=\"heading.default\">\n\t\t\t\t<div class=\"elementor-widget-container\">\n\t\t\t\t\t<h3 class=\"elementor-heading-title elementor-size-default\">S\u00edntomas que se pueden dar en el climaterio.<\/h3>\t\t\t\t<\/div>\n\t\t\t\t<\/div>\n\t\t\t\t<div class=\"elementor-element elementor-element-0953404 elementor-widget elementor-widget-text-editor\" data-id=\"0953404\" data-element_type=\"widget\" data-widget_type=\"text-editor.default\">\n\t\t\t\t<div class=\"elementor-widget-container\">\n\t\t\t\t\t\t\t\t\t<div class=\"vc_row wpb_row vc_row-fluid\"><div class=\"wpb_column vc_column_container vc_col-sm-12\"><div class=\"vc_column-inner \"><div class=\"wpb_wrapper\"><div class=\"wpb_text_column wpb_content_element \"><div class=\"wpb_wrapper\"><ul><li><strong>S\u00edntomas vasomotores:<\/strong><ul><li>Sofocos; m\u00e1s frecuentes por la noche, que pueden despertar.<\/li><li>Sudoraci\u00f3n.<\/li><li>Palpitaciones.<\/li><li>Cefaleas o migra\u00f1as.<\/li><\/ul><\/li><\/ul><ul><li><strong>Alteraciones ps\u00edquicas:<\/strong><ul><li>Nerviosismo e irritabilidad.<\/li><li>Tendencia a la depresi\u00f3n.<\/li><li>Disminuci\u00f3n de la capacidad de concentraci\u00f3n.<\/li><li>Emotividad l\u00e1bil.<\/li><\/ul><\/li><\/ul><ul><li><strong>Trastornos genitourinarios:<\/strong><ul><li>Atrofia cervicovaginal.<\/li><li>Atrofia vulvar.<\/li><li>Trigonitis.<\/li><\/ul><\/li><\/ul><ul><li><strong>Enfermedad cardiovascular<\/strong><\/li><\/ul><ul><li><strong>Osteoporosis<\/strong><\/li><\/ul><p>Para evitar los problemas directamente derivados del climaterio podemos:<\/p><ol><li>Seguir un tratamiento que puede ser hormonal o no, en funci\u00f3n de la situaci\u00f3n, necesidades, preferencias y s\u00edntomas que tenga la paciente.<\/li><li>Independientemente del tratamiento que se d\u00e9, aconsejamos:<\/li><\/ol><blockquote><ul><li>Dieta rica en calcio y baja en grasas de origen animal.<\/li><li>Reducir el caf\u00e9 y el alcohol y evitar tabaco y drogas.<\/li><li>Hacer ejercicio: gimnasia, deporte y caminar.<\/li><li>Tomar el sol 15 minutos cada d\u00eda.<\/li><\/ul><\/blockquote><\/div><\/div><\/div><\/div><\/div><\/div>\t\t\t\t\t\t\t\t<\/div>\n\t\t\t\t<\/div>\n\t\t\t\t<\/div>\n\t\t\t\t\t<\/div>\n\t\t\t\t<\/div>\n\t\t<div class=\"elementor-element elementor-element-a4eafcd e-flex e-con-boxed e-con e-parent\" data-id=\"a4eafcd\" data-element_type=\"container\">\n\t\t\t\t\t<div class=\"e-con-inner\">\n\t\t<div class=\"elementor-element elementor-element-3e45100 e-con-full e-flex e-con e-child\" data-id=\"3e45100\" data-element_type=\"container\" data-settings=\"{&quot;background_background&quot;:&quot;classic&quot;}\">\n\t\t\t\t<div class=\"elementor-element elementor-element-629a33f elementor-widget elementor-widget-text-editor\" data-id=\"629a33f\" data-element_type=\"widget\" data-widget_type=\"text-editor.default\">\n\t\t\t\t<div class=\"elementor-widget-container\">\n\t\t\t\t\t\t\t\t\t<p>Estamos cerca de ti<\/p>\t\t\t\t\t\t\t\t<\/div>\n\t\t\t\t<\/div>\n\t\t\t\t<div class=\"elementor-element elementor-element-66072a7 elementor-widget elementor-widget-heading\" data-id=\"66072a7\" data-element_type=\"widget\" data-widget_type=\"heading.default\">\n\t\t\t\t<div class=\"elementor-widget-container\">\n\t\t\t\t\t<h2 class=\"elementor-heading-title elementor-size-default\">\u00bfTienes dudas o quieres pedir cita? \n<br>Hablemos<\/h2>\t\t\t\t<\/div>\n\t\t\t\t<\/div>\n\t\t\t\t<div class=\"elementor-element elementor-element-d0c2bfa elementor-widget elementor-widget-text-editor\" data-id=\"d0c2bfa\" data-element_type=\"widget\" data-widget_type=\"text-editor.default\">\n\t\t\t\t<div class=\"elementor-widget-container\">\n\t\t\t\t\t\t\t\t\t<p>Resolvemos tus dudas y te ayudamos a pedir cita de forma f\u00e1cil y r\u00e1pida.<br>Nos puedes escribir o llamar, como te sea m\u00e1s c\u00f3modo.<\/p>\t\t\t\t\t\t\t\t<\/div>\n\t\t\t\t<\/div>\n\t\t\t\t<div class=\"elementor-element elementor-element-b475780 button-ele elementor-align-center elementor-widget elementor-widget-button\" data-id=\"b475780\" data-element_type=\"widget\" data-widget_type=\"button.default\">\n\t\t\t\t<div class=\"elementor-widget-container\">\n\t\t\t\t\t\t\t\t\t<div class=\"elementor-button-wrapper\">\n\t\t\t\t\t<a class=\"elementor-button elementor-button-link elementor-size-sm\" href=\"https:\/\/www.ginecolegs.com\/es\/contacto\/\">\n\t\t\t\t\t\t<span class=\"elementor-button-content-wrapper\">\n\t\t\t\t\t\t\t\t\t<span class=\"elementor-button-text\">Contacta con nosotros<\/span>\n\t\t\t\t\t<\/span>\n\t\t\t\t\t<\/a>\n\t\t\t\t<\/div>\n\t\t\t\t\t\t\t\t<\/div>\n\t\t\t\t<\/div>\n\t\t\t\t<\/div>\n\t\t\t\t\t<\/div>\n\t\t\t\t<\/div>\n\t\t\t\t<\/div>\n\t\t","protected":false},"excerpt":{"rendered":"<p>QU\u00c9 ES LA MENOPAUSIA El cese natural de la funci\u00f3n ov\u00e1rica La menopausia marca el final definitivo de la funci\u00f3n ov\u00e1rica y, por lo tanto, la desaparici\u00f3n de las reglas. Se suele presentar alrededor de los 50 a\u00f1os y se considera instaurada cuando ha pasado un a\u00f1o desde la \u00faltima menstruaci\u00f3n. Es una etapa natural [&hellip;]<\/p>\n","protected":false},"author":1,"featured_media":0,"parent":0,"menu_order":0,"comment_status":"closed","ping_status":"closed","template":"","meta":{"footnotes":""},"class_list":["post-1506","page","type-page","status-publish","hentry"],"_links":{"self":[{"href":"https:\/\/www.ginecolegs.com\/es\/wp-json\/wp\/v2\/pages\/1506","targetHints":{"allow":["GET"]}}],"collection":[{"href":"https:\/\/www.ginecolegs.com\/es\/wp-json\/wp\/v2\/pages"}],"about":[{"href":"https:\/\/www.ginecolegs.com\/es\/wp-json\/wp\/v2\/types\/page"}],"author":[{"embeddable":true,"href":"https:\/\/www.ginecolegs.com\/es\/wp-json\/wp\/v2\/users\/1"}],"replies":[{"embeddable":true,"href":"https:\/\/www.ginecolegs.com\/es\/wp-json\/wp\/v2\/comments?post=1506"}],"version-history":[{"count":0,"href":"https:\/\/www.ginecolegs.com\/es\/wp-json\/wp\/v2\/pages\/1506\/revisions"}],"wp:attachment":[{"href":"https:\/\/www.ginecolegs.com\/es\/wp-json\/wp\/v2\/media?parent=1506"}],"curies":[{"name":"wp","href":"https:\/\/api.w.org\/{rel}","templated":true}]}}