{"id":1498,"date":"2025-10-08T10:53:24","date_gmt":"2025-10-08T08:53:24","guid":{"rendered":"https:\/\/www.ginecolegs.com\/control-embarazo\/"},"modified":"2025-12-23T14:03:22","modified_gmt":"2025-12-23T12:03:22","slug":"control-embarazo","status":"publish","type":"page","link":"https:\/\/www.ginecolegs.com\/es\/control-embarazo\/","title":{"rendered":"Control embarazo"},"content":{"rendered":"\t\t<div data-elementor-type=\"wp-page\" data-elementor-id=\"1498\" class=\"elementor elementor-1498 elementor-123\">\n\t\t\t\t<div class=\"elementor-element elementor-element-1f1747f e-flex e-con-boxed e-con e-parent\" data-id=\"1f1747f\" data-element_type=\"container\">\n\t\t\t\t\t<div class=\"e-con-inner\">\n\t\t<div class=\"elementor-element elementor-element-f3c1378 e-con-full e-flex e-con e-child\" data-id=\"f3c1378\" data-element_type=\"container\">\n\t\t\t\t<div class=\"elementor-element elementor-element-10b0a9f elementor-widget elementor-widget-image\" data-id=\"10b0a9f\" data-element_type=\"widget\" data-widget_type=\"image.default\">\n\t\t\t\t<div class=\"elementor-widget-container\">\n\t\t\t\t\t\t\t\t\t\t\t\t\t\t\t<img loading=\"lazy\" decoding=\"async\" width=\"631\" height=\"444\" loading=\"lazy\" src=\"https:\/\/www.ginecolegs.com\/app\/uploads\/2025\/10\/reproduccio.jpg\" class=\"attachment-large size-large wp-image-407\" alt=\"\" srcset=\"https:\/\/www.ginecolegs.com\/app\/uploads\/2025\/10\/reproduccio.jpg 631w, https:\/\/www.ginecolegs.com\/app\/uploads\/2025\/10\/reproduccio-300x211.jpg 300w\" sizes=\"auto, (max-width: 631px) 100vw, 631px\" \/>\t\t\t\t\t\t\t\t\t\t\t\t\t\t\t<\/div>\n\t\t\t\t<\/div>\n\t\t\t\t<\/div>\n\t\t<div class=\"elementor-element elementor-element-ce00625 e-con-full e-flex e-con e-child\" data-id=\"ce00625\" data-element_type=\"container\">\n\t\t\t\t<div class=\"elementor-element elementor-element-836d38b elementor-widget elementor-widget-text-editor\" data-id=\"836d38b\" data-element_type=\"widget\" data-widget_type=\"text-editor.default\">\n\t\t\t\t<div class=\"elementor-widget-container\">\n\t\t\t\t\t\t\t\t\t<p data-start=\"263\" data-end=\"300\">\u00bfQU\u00c9 ES EL CONTROL DEL EMBARAZO?<\/p>\t\t\t\t\t\t\t\t<\/div>\n\t\t\t\t<\/div>\n\t\t\t\t<div class=\"elementor-element elementor-element-ed39574 elementor-widget elementor-widget-heading\" data-id=\"ed39574\" data-element_type=\"widget\" data-widget_type=\"heading.default\">\n\t\t\t\t<div class=\"elementor-widget-container\">\n\t\t\t\t\t<h2 class=\"elementor-heading-title elementor-size-default\">Acompa\u00f1amiento seguro para ti y tu beb\u00e9<\/h2>\t\t\t\t<\/div>\n\t\t\t\t<\/div>\n\t\t\t\t<div class=\"elementor-element elementor-element-83a6bfd elementor-widget elementor-widget-text-editor\" data-id=\"83a6bfd\" data-element_type=\"widget\" data-widget_type=\"text-editor.default\">\n\t\t\t\t<div class=\"elementor-widget-container\">\n\t\t\t\t\t\t\t\t\t<p data-start=\"347\" data-end=\"658\">Los avances m\u00e9dicos han mejorado de manera notable la atenci\u00f3n durante el embarazo y el parto. El control m\u00e9dico regular permite garantizar un embarazo saludable, un parto tranquilo y un beb\u00e9 sano. <br data-start=\"528\" data-end=\"531\">Es esencial que la pareja conozca el proceso y participe activamente en el seguimiento, con el apoyo de su equipo profesional.<\/p>\t\t\t\t\t\t\t\t<\/div>\n\t\t\t\t<\/div>\n\t\t\t\t<\/div>\n\t\t\t\t\t<\/div>\n\t\t\t\t<\/div>\n\t\t<div class=\"elementor-element elementor-element-f078752 e-flex e-con-boxed e-con e-parent\" data-id=\"f078752\" data-element_type=\"container\" data-settings=\"{&quot;background_background&quot;:&quot;classic&quot;}\">\n\t\t\t\t\t<div class=\"e-con-inner\">\n\t\t<div class=\"elementor-element elementor-element-e07f928 e-con-full e-flex e-con e-child\" data-id=\"e07f928\" data-element_type=\"container\">\n\t\t\t\t<div class=\"elementor-element elementor-element-a92a0f7 elementor-widget elementor-widget-heading\" data-id=\"a92a0f7\" data-element_type=\"widget\" data-widget_type=\"heading.default\">\n\t\t\t\t<div class=\"elementor-widget-container\">\n\t\t\t\t\t<h3 class=\"elementor-heading-title elementor-size-default\">Control embarazo del 1er trimestre<\/h3>\t\t\t\t<\/div>\n\t\t\t\t<\/div>\n\t\t\t\t<div class=\"elementor-element elementor-element-a8356be elementor-widget elementor-widget-text-editor\" data-id=\"a8356be\" data-element_type=\"widget\" data-widget_type=\"text-editor.default\">\n\t\t\t\t<div class=\"elementor-widget-container\">\n\t\t\t\t\t\t\t\t\t<div class=\"vc_row wpb_row vc_row-fluid\"><div class=\"wpb_column vc_column_container vc_col-sm-12\"><div class=\"vc_column-inner \"><div class=\"wpb_wrapper\"><div class=\"wpb_text_column wpb_content_element \"><div class=\"wpb_wrapper\"><p>Intentaremos dar un conjunto de informaciones \u00fatiles, claras y sencillas.<\/p><p>S\u00edntomas embarazo:<\/p><ul><li>El primero y de gran valor es la ausencia de regla.<\/li><li>A nivel digestivo las m\u00e1s frecuentes son n\u00e1useas, mareo y v\u00f3mitos. Tambi\u00e9n percepci\u00f3n de malos olores.  <\/li><li>Mayor deseo de orinar.<\/li><li>Sue\u00f1o excesivo y cambios de car\u00e1cter.<\/li><li>Los tests de embarazo en orina valoran si hay HCG, hormona presente cuando una mujer est\u00e1 embarazada. El test se puede hacer a los 3-4 d\u00edas de la falta de regla en mujeres con ciclos regulares. Un resultado negativo no siempre descarta un embarazo.  <\/li><\/ul><p><strong>La primera consulta<\/strong> con el m\u00e9dico se realiza entre la semana 6 y 8 contando desde el primer d\u00eda de la \u00faltima regla.<\/p><p>En esta consulta realizamos la <strong>primera ecograf\u00eda<\/strong>. La finalidad que tiene esta ecograf\u00eda es: <\/p><ul><li>Averiguar si la gestaci\u00f3n es evolutiva.<\/li><li>Precisar la localizaci\u00f3n intrauterina del saco gestacional.<\/li><li>Calcular ecogr\u00e1ficamente las semanas de gestaci\u00f3n.<\/li><li>Conocer el n\u00famero de embriones.<\/li><li>Aclarar si existe alguna patolog\u00eda asociada (quistes de ovario, miomas\u2026).<\/li><\/ul><p>Tambi\u00e9n se inicia el control de peso y tensi\u00f3n arterial. Se le dar\u00e1n instrucciones diet\u00e9ticas, se solicitar\u00e1n las exploraciones oportunas y se prescribir\u00e1 la medicaci\u00f3n necesaria. <\/p><p>Normalmente <strong>la primera anal\u00edtica<\/strong> la hacemos coincidir con el test EBA que se realiza entre la semana 11 y 12.<\/p><p><strong>El test EBA<\/strong> (Screening ecogr\u00e1fico-Bioqu\u00edmico de aneuploid\u00edas) consiste en la determinaci\u00f3n del \u00edndice de riesgo de s\u00edndrome de Down, mediante:<\/p><ul><li>Una ecograf\u00eda transvaginal: su objetivo es detectar una serie de signos ecogr\u00e1ficos de sospecha de anomal\u00edas cromos\u00f3micas en pacientes de bajo riesgo de defectos cong\u00e9nitos.<\/li><li>Un estudio bioqu\u00edmico en sangre materna: se determina la fracci\u00f3n libre de la beta HCG y de la prote\u00edna plasm\u00e1tica A (PAPP-A) y la proporci\u00f3n entre ellas.<\/li><\/ul><p>Hay que tener en cuenta que el resultado de esta prueba no permite establecer un diagn\u00f3stico, sino que aporta \u00fanicamente un \u00edndice de riesgo, en funci\u00f3n del cual se decidir\u00e1 la conveniencia de practicar una amniocentesis, una biopsia de corion o un test prenatal no invasivo para la obtenci\u00f3n del cariotipo fetal.<br><br>Actualmente se puede realizar una extracci\u00f3n de sangre a la embarazada, separar la fracci\u00f3n fetal de la muestra y determinar numerosas alteraciones cromos\u00f3micas. Se denomina Test Prenatal No Invasivo (TPNI). <\/p><\/div><\/div><\/div><\/div><\/div><\/div><div class=\"vc_row wpb_row vc_row-fluid\"><div class=\"wpb_column vc_column_container vc_col-sm-12\"><div class=\"vc_column-inner \"><div class=\"wpb_wrapper\"><div class=\"wpb_text_column wpb_content_element margin-bottom-5\"><div class=\"wpb_wrapper\"> <\/div><\/div><\/div><\/div><\/div><\/div>\t\t\t\t\t\t\t\t<\/div>\n\t\t\t\t<\/div>\n\t\t\t\t<div class=\"elementor-element elementor-element-2e93665 elementor-widget elementor-widget-heading\" data-id=\"2e93665\" data-element_type=\"widget\" data-widget_type=\"heading.default\">\n\t\t\t\t<div class=\"elementor-widget-container\">\n\t\t\t\t\t<h3 class=\"elementor-heading-title elementor-size-default\">Control embarazo del 2\u00ba trimestre<\/h3>\t\t\t\t<\/div>\n\t\t\t\t<\/div>\n\t\t\t\t<div class=\"elementor-element elementor-element-77227a4 elementor-widget elementor-widget-text-editor\" data-id=\"77227a4\" data-element_type=\"widget\" data-widget_type=\"text-editor.default\">\n\t\t\t\t<div class=\"elementor-widget-container\">\n\t\t\t\t\t\t\t\t\t<p>Al llegar el <strong>segundo trimestre<\/strong>, las molestias del primer trimestre suelen desaparecer. Come m\u00e1s, duerme m\u00e1s tranquila y est\u00e1 alegre. <\/p><p>El abdomen aumenta de volumen y hacia las 18-20 semanas, la mujer embarazada comienza a notar movimientos fetales.<\/p><p>B\u00e1sicamente, las pruebas que deben realizarse son: <strong>anal\u00edtica, ecograf\u00eda, control de peso y T.A.<\/strong> y, seg\u00fan la evoluci\u00f3n, control de prote\u00ednas en orina.<\/p><p>La ecograf\u00eda del segundo trimestre se realiza entre la semana 20 y 22. Su objetivo principal es buscar malformaciones que se pueden ver por ecograf\u00eda. <\/p><p>En esta ecograf\u00eda se hace un repaso minucioso de la anatom\u00eda fetal y debe ser realizada por ecografistas especializados en diagn\u00f3stico prenatal y con equipos de ecograf\u00eda de alta definici\u00f3n. Aparte de esto, existe toda una serie de circunstancias: obesidad, poco l\u00edquido amni\u00f3tico, posici\u00f3n fetal\u2026 que pueden impedir ver alguna malformaci\u00f3n.  Adem\u00e1s, ciertas malformaciones no se ven en esta \u00e9poca de gestaci\u00f3n, o se producen en etapas m\u00e1s tard\u00edas.<\/p><p>Normalmente tambi\u00e9n realizamos una ecograf\u00eda de primer repaso anat\u00f3mico y para ver el sexo fetal a las 16 semanas.<\/p>\t\t\t\t\t\t\t\t<\/div>\n\t\t\t\t<\/div>\n\t\t\t\t<div class=\"elementor-element elementor-element-f8d789e elementor-widget elementor-widget-heading\" data-id=\"f8d789e\" data-element_type=\"widget\" data-widget_type=\"heading.default\">\n\t\t\t\t<div class=\"elementor-widget-container\">\n\t\t\t\t\t<h3 class=\"elementor-heading-title elementor-size-default\">Control embarazo del 3er trimestre<\/h3>\t\t\t\t<\/div>\n\t\t\t\t<\/div>\n\t\t\t\t<div class=\"elementor-element elementor-element-52e1f27 elementor-widget elementor-widget-text-editor\" data-id=\"52e1f27\" data-element_type=\"widget\" data-widget_type=\"text-editor.default\">\n\t\t\t\t<div class=\"elementor-widget-container\">\n\t\t\t\t\t\t\t\t\t<div class=\"vc_row wpb_row vc_row-fluid\"><div class=\"wpb_column vc_column_container vc_col-sm-12\"><div class=\"vc_column-inner \"><div class=\"wpb_wrapper\"><div class=\"wpb_text_column wpb_content_element \"><div class=\"wpb_wrapper\"><p>En el <strong>tercer trimestre<\/strong> las cosas cambian:<\/p><ul><li>La embarazada se cansa con facilidad.<\/li><li>El \u00fatero ocupa la mayor parte de la cavidad abdominal y presiona \u00f3rganos y v\u00edsceras, y esto puede causar molestias.<\/li><li>La presi\u00f3n sobre los huesos de la pelvis puede provocar dolores; esto tambi\u00e9n puede explicar las micciones frecuentes y el estre\u00f1imiento.<\/li><li>Los movimientos del feto son ahora m\u00e1s potentes y pueden ser dolorosos y visibles.<\/li><li>La alegr\u00eda y el miedo pueden aparecer. La mujer embarazada se siente cansada y con ganas de que llegue el parto, pero, a la vez, tiene miedo a algo que le es desconocido.<\/li><\/ul><p>Las pruebas complementarias que deben realizarse en el tercer trimestre son: <strong>anal\u00edtica, ecograf\u00eda y control de las condiciones fetales.<\/strong><\/p><p>Normalmente realizamos 2 ecograf\u00edas el tercer trimestre: una entre la semana 27-30 y la \u00faltima entre la 36-38. Estas ecograf\u00edas nos permiten controlar:<\/p><ul><li>Crecimiento fetal a trav\u00e9s de las biometr\u00edas de la cabeza, f\u00e9mur y abdomen fetal.<\/li><li>Localizaci\u00f3n y valoraci\u00f3n morfol\u00f3gica de la placenta.<\/li><li>Valoraci\u00f3n del volumen de l\u00edquido amni\u00f3tico.<\/li><li>Estudio Doppler de las arterias umbilicales y cerebral anterior.<\/li><li>En el control de las condiciones fetales, adem\u00e1s de la ecograf\u00eda, a\u00f1adimos el tacto vaginal y el registro cardiotocogr\u00e1fico o NST.<\/li><\/ul><\/div><\/div><\/div><\/div><\/div><\/div>\t\t\t\t\t\t\t\t<\/div>\n\t\t\t\t<\/div>\n\t\t\t\t<\/div>\n\t\t\t\t\t<\/div>\n\t\t\t\t<\/div>\n\t\t<div class=\"elementor-element elementor-element-238330d e-flex e-con-boxed e-con e-parent\" data-id=\"238330d\" data-element_type=\"container\">\n\t\t\t\t\t<div class=\"e-con-inner\">\n\t\t<div class=\"elementor-element elementor-element-67473a3 e-con-full e-flex e-con e-child\" data-id=\"67473a3\" data-element_type=\"container\" data-settings=\"{&quot;background_background&quot;:&quot;classic&quot;}\">\n\t\t\t\t<div class=\"elementor-element elementor-element-ce7b011 elementor-widget elementor-widget-text-editor\" data-id=\"ce7b011\" data-element_type=\"widget\" data-widget_type=\"text-editor.default\">\n\t\t\t\t<div class=\"elementor-widget-container\">\n\t\t\t\t\t\t\t\t\t<p>Estamos cerca de ti<\/p>\t\t\t\t\t\t\t\t<\/div>\n\t\t\t\t<\/div>\n\t\t\t\t<div class=\"elementor-element elementor-element-47e187d elementor-widget elementor-widget-heading\" data-id=\"47e187d\" data-element_type=\"widget\" data-widget_type=\"heading.default\">\n\t\t\t\t<div class=\"elementor-widget-container\">\n\t\t\t\t\t<h2 class=\"elementor-heading-title elementor-size-default\">\u00bfTienes dudas o quieres pedir cita? \n<br>Hablemos<\/h2>\t\t\t\t<\/div>\n\t\t\t\t<\/div>\n\t\t\t\t<div class=\"elementor-element elementor-element-9915f62 elementor-widget elementor-widget-text-editor\" data-id=\"9915f62\" data-element_type=\"widget\" data-widget_type=\"text-editor.default\">\n\t\t\t\t<div class=\"elementor-widget-container\">\n\t\t\t\t\t\t\t\t\t<p>Resolvemos tus dudas y te ayudamos a pedir cita de forma f\u00e1cil y r\u00e1pida.<br>Nos puedes escribir o llamar, como te sea m\u00e1s c\u00f3modo.<\/p>\t\t\t\t\t\t\t\t<\/div>\n\t\t\t\t<\/div>\n\t\t\t\t<div class=\"elementor-element elementor-element-c33e543 button-ele elementor-align-center elementor-widget elementor-widget-button\" data-id=\"c33e543\" data-element_type=\"widget\" data-widget_type=\"button.default\">\n\t\t\t\t<div class=\"elementor-widget-container\">\n\t\t\t\t\t\t\t\t\t<div class=\"elementor-button-wrapper\">\n\t\t\t\t\t<a class=\"elementor-button elementor-button-link elementor-size-sm\" href=\"https:\/\/www.ginecolegs.com\/contacte\/\">\n\t\t\t\t\t\t<span class=\"elementor-button-content-wrapper\">\n\t\t\t\t\t\t\t\t\t<span class=\"elementor-button-text\">Contacta con nosotros<\/span>\n\t\t\t\t\t<\/span>\n\t\t\t\t\t<\/a>\n\t\t\t\t<\/div>\n\t\t\t\t\t\t\t\t<\/div>\n\t\t\t\t<\/div>\n\t\t\t\t<\/div>\n\t\t\t\t\t<\/div>\n\t\t\t\t<\/div>\n\t\t\t\t<\/div>\n\t\t","protected":false},"excerpt":{"rendered":"<p>\u00bfQU\u00c9 ES EL CONTROL DEL EMBARAZO? Acompa\u00f1amiento seguro para ti y tu beb\u00e9 Los avances m\u00e9dicos han mejorado de manera notable la atenci\u00f3n durante el embarazo y el parto. El control m\u00e9dico regular permite garantizar un embarazo saludable, un parto tranquilo y un beb\u00e9 sano. Es esencial que la pareja conozca el proceso y participe [&hellip;]<\/p>\n","protected":false},"author":1,"featured_media":0,"parent":0,"menu_order":0,"comment_status":"closed","ping_status":"closed","template":"","meta":{"footnotes":""},"class_list":["post-1498","page","type-page","status-publish","hentry"],"_links":{"self":[{"href":"https:\/\/www.ginecolegs.com\/es\/wp-json\/wp\/v2\/pages\/1498","targetHints":{"allow":["GET"]}}],"collection":[{"href":"https:\/\/www.ginecolegs.com\/es\/wp-json\/wp\/v2\/pages"}],"about":[{"href":"https:\/\/www.ginecolegs.com\/es\/wp-json\/wp\/v2\/types\/page"}],"author":[{"embeddable":true,"href":"https:\/\/www.ginecolegs.com\/es\/wp-json\/wp\/v2\/users\/1"}],"replies":[{"embeddable":true,"href":"https:\/\/www.ginecolegs.com\/es\/wp-json\/wp\/v2\/comments?post=1498"}],"version-history":[{"count":0,"href":"https:\/\/www.ginecolegs.com\/es\/wp-json\/wp\/v2\/pages\/1498\/revisions"}],"wp:attachment":[{"href":"https:\/\/www.ginecolegs.com\/es\/wp-json\/wp\/v2\/media?parent=1498"}],"curies":[{"name":"wp","href":"https:\/\/api.w.org\/{rel}","templated":true}]}}