{"id":1496,"date":"2025-10-08T10:33:38","date_gmt":"2025-10-08T08:33:38","guid":{"rendered":"https:\/\/www.ginecolegs.com\/reproduccion\/"},"modified":"2025-12-23T12:49:09","modified_gmt":"2025-12-23T10:49:09","slug":"reproduccion","status":"publish","type":"page","link":"https:\/\/www.ginecolegs.com\/es\/reproduccion\/","title":{"rendered":"Reproducci\u00f3n"},"content":{"rendered":"\t\t<div data-elementor-type=\"wp-page\" data-elementor-id=\"1496\" class=\"elementor elementor-1496 elementor-115\">\n\t\t\t\t<div class=\"elementor-element elementor-element-eb732b4 e-flex e-con-boxed e-con e-parent\" data-id=\"eb732b4\" data-element_type=\"container\">\n\t\t\t\t\t<div class=\"e-con-inner\">\n\t\t<div class=\"elementor-element elementor-element-1613897 e-con-full e-flex e-con e-child\" data-id=\"1613897\" data-element_type=\"container\">\n\t\t\t\t<div class=\"elementor-element elementor-element-433da17 elementor-widget elementor-widget-image\" data-id=\"433da17\" data-element_type=\"widget\" data-widget_type=\"image.default\">\n\t\t\t\t<div class=\"elementor-widget-container\">\n\t\t\t\t\t\t\t\t\t\t\t\t\t\t\t<img loading=\"lazy\" decoding=\"async\" width=\"631\" height=\"444\" loading=\"lazy\" src=\"https:\/\/www.ginecolegs.com\/app\/uploads\/2025\/10\/fertitlitat.jpg\" class=\"attachment-large size-large wp-image-408\" alt=\"\" srcset=\"https:\/\/www.ginecolegs.com\/app\/uploads\/2025\/10\/fertitlitat.jpg 631w, https:\/\/www.ginecolegs.com\/app\/uploads\/2025\/10\/fertitlitat-300x211.jpg 300w\" sizes=\"auto, (max-width: 631px) 100vw, 631px\" \/>\t\t\t\t\t\t\t\t\t\t\t\t\t\t\t<\/div>\n\t\t\t\t<\/div>\n\t\t\t\t<\/div>\n\t\t<div class=\"elementor-element elementor-element-6f41fc7 e-con-full e-flex e-con e-child\" data-id=\"6f41fc7\" data-element_type=\"container\">\n\t\t\t\t<div class=\"elementor-element elementor-element-4fcbfcc elementor-widget elementor-widget-text-editor\" data-id=\"4fcbfcc\" data-element_type=\"widget\" data-widget_type=\"text-editor.default\">\n\t\t\t\t<div class=\"elementor-widget-container\">\n\t\t\t\t\t\t\t\t\t<p data-start=\"301\" data-end=\"327\">\u00bfQU\u00c9 ES LA REPRODUCCI\u00d3N?<\/p>\t\t\t\t\t\t\t\t<\/div>\n\t\t\t\t<\/div>\n\t\t\t\t<div class=\"elementor-element elementor-element-be30df3 elementor-widget elementor-widget-heading\" data-id=\"be30df3\" data-element_type=\"widget\" data-widget_type=\"heading.default\">\n\t\t\t\t<div class=\"elementor-widget-container\">\n\t\t\t\t\t<h2 class=\"elementor-heading-title elementor-size-default\">Comprender la fertilidad con realismo y confianza<\/h2>\t\t\t\t<\/div>\n\t\t\t\t<\/div>\n\t\t\t\t<div class=\"elementor-element elementor-element-883bf2f elementor-widget elementor-widget-text-editor\" data-id=\"883bf2f\" data-element_type=\"widget\" data-widget_type=\"text-editor.default\">\n\t\t\t\t<div class=\"elementor-widget-container\">\n\t\t\t\t\t\t\t\t\t<p data-start=\"329\" data-end=\"904\">Aunque muchas personas piensan que tener relaciones sexuales cerca del d\u00eda de la ovulaci\u00f3n asegura el embarazo, no siempre es as\u00ed. La capacidad reproductiva humana es naturalmente baja: incluso en parejas menores de 35 a\u00f1os y sin ning\u00fan factor de esterilidad conocido, la probabilidad de conseguir un embarazo durante el periodo ovulatorio es solo del <strong data-start=\"729\" data-end=\"748\">20-35 % por mes<\/strong>.<br><br data-start=\"749\" data-end=\"752\">Por eso, comprender el propio cuerpo y conocer los factores que influyen en la fertilidad es esencial para afrontar el proceso con serenidad e informaci\u00f3n.<\/p>\t\t\t\t\t\t\t\t<\/div>\n\t\t\t\t<\/div>\n\t\t\t\t<\/div>\n\t\t\t\t\t<\/div>\n\t\t\t\t<\/div>\n\t\t<div class=\"elementor-element elementor-element-e8b40a5 e-flex e-con-boxed e-con e-parent\" data-id=\"e8b40a5\" data-element_type=\"container\" data-settings=\"{&quot;background_background&quot;:&quot;classic&quot;}\">\n\t\t\t\t\t<div class=\"e-con-inner\">\n\t\t<div class=\"elementor-element elementor-element-b19effd e-con-full e-flex e-con e-child\" data-id=\"b19effd\" data-element_type=\"container\">\n\t\t\t\t<div class=\"elementor-element elementor-element-863030e elementor-widget elementor-widget-heading\" data-id=\"863030e\" data-element_type=\"widget\" data-widget_type=\"heading.default\">\n\t\t\t\t<div class=\"elementor-widget-container\">\n\t\t\t\t\t<h3 class=\"elementor-heading-title elementor-size-default\">Esterilidad y fertilidad: qu\u00e9 hay que saber<\/h3>\t\t\t\t<\/div>\n\t\t\t\t<\/div>\n\t\t\t\t<div class=\"elementor-element elementor-element-8d58bc0 elementor-widget elementor-widget-text-editor\" data-id=\"8d58bc0\" data-element_type=\"widget\" data-widget_type=\"text-editor.default\">\n\t\t\t\t<div class=\"elementor-widget-container\">\n\t\t\t\t\t\t\t\t\t<p>A partir de los 35 a\u00f1os la fertilidad de la mujer disminuye y a los 40 a\u00f1os la probabilidad mensual de conseguir un embarazo es de menos del 10 % por mes. Esto no quiere decir que el embarazo sea imposible despu\u00e9s de esta edad.<\/p><p><strong>La esterilidad<\/strong> se define como la dificultad para conseguir que una mujer quede embarazada.<\/p><p>La esterilidad primaria es cuando la pareja nunca ha conseguido un embarazo y <strong>la esterilidad secundaria<\/strong> cuando la pareja ya ha tenido alg\u00fan hijo y ahora no se queda embarazada. <strong>La infertilidad <\/strong>se define como la repetici\u00f3n de m\u00e1s de 2 o 3 abortos espont\u00e1neos.<\/p><p>Muy pocas parejas sufren una esterilidad definitiva; la mayor\u00eda de casos se solucionan con los diferentes tratamientos que existen.<\/p><p>En una pareja joven, se considera que hay esterilidad cuando no se consigue un embarazo despu\u00e9s de un a\u00f1o de relaciones sexuales sin utilizar ning\u00fan medio anticonceptivo. Si la mujer tiene m\u00e1s de 35 a\u00f1os, es aconsejable empezar el estudio de esterilidad a los 6 meses de relaciones sin medio anticonceptivo. De todas maneras, siempre es mejor individualizar cada caso.<\/p><p><strong>Estudios epidemiol\u00f3gicos<\/strong> demuestran que entre un 10 y un 15 % de parejas en edad reproductiva tienen problemas de fertilidad.<\/p>\t\t\t\t\t\t\t\t<\/div>\n\t\t\t\t<\/div>\n\t\t\t\t<\/div>\n\t\t\t\t\t<\/div>\n\t\t\t\t<\/div>\n\t\t<div class=\"elementor-element elementor-element-93eb647 e-flex e-con-boxed e-con e-parent\" data-id=\"93eb647\" data-element_type=\"container\">\n\t\t\t\t\t<div class=\"e-con-inner\">\n\t\t<div class=\"elementor-element elementor-element-807b662 e-con-full e-flex e-con e-child\" data-id=\"807b662\" data-element_type=\"container\" data-settings=\"{&quot;background_background&quot;:&quot;classic&quot;}\">\n\t\t\t\t<div class=\"elementor-element elementor-element-012a4a2 elementor-widget elementor-widget-text-editor\" data-id=\"012a4a2\" data-element_type=\"widget\" data-widget_type=\"text-editor.default\">\n\t\t\t\t<div class=\"elementor-widget-container\">\n\t\t\t\t\t\t\t\t\t<p>Estamos cerca de ti<\/p>\t\t\t\t\t\t\t\t<\/div>\n\t\t\t\t<\/div>\n\t\t\t\t<div class=\"elementor-element elementor-element-f011a4e elementor-widget elementor-widget-heading\" data-id=\"f011a4e\" data-element_type=\"widget\" data-widget_type=\"heading.default\">\n\t\t\t\t<div class=\"elementor-widget-container\">\n\t\t\t\t\t<h2 class=\"elementor-heading-title elementor-size-default\">\u00bfTienes dudas o quieres pedir cita? \n<br>Hablemos<\/h2>\t\t\t\t<\/div>\n\t\t\t\t<\/div>\n\t\t\t\t<div class=\"elementor-element elementor-element-a5d972a elementor-widget elementor-widget-text-editor\" data-id=\"a5d972a\" data-element_type=\"widget\" data-widget_type=\"text-editor.default\">\n\t\t\t\t<div class=\"elementor-widget-container\">\n\t\t\t\t\t\t\t\t\t<p>Resolvemos tus dudas y te ayudamos a pedir cita de forma f\u00e1cil y r\u00e1pida.<br>Nos puedes escribir o llamar, como te sea m\u00e1s c\u00f3modo.<\/p>\t\t\t\t\t\t\t\t<\/div>\n\t\t\t\t<\/div>\n\t\t\t\t<div class=\"elementor-element elementor-element-b6949fc button-ele elementor-align-center elementor-widget elementor-widget-button\" data-id=\"b6949fc\" data-element_type=\"widget\" data-widget_type=\"button.default\">\n\t\t\t\t<div class=\"elementor-widget-container\">\n\t\t\t\t\t\t\t\t\t<div class=\"elementor-button-wrapper\">\n\t\t\t\t\t<a class=\"elementor-button elementor-button-link elementor-size-sm\" href=\"https:\/\/www.ginecolegs.com\/contacte\/\">\n\t\t\t\t\t\t<span class=\"elementor-button-content-wrapper\">\n\t\t\t\t\t\t\t\t\t<span class=\"elementor-button-text\">Contacta con nosotros<\/span>\n\t\t\t\t\t<\/span>\n\t\t\t\t\t<\/a>\n\t\t\t\t<\/div>\n\t\t\t\t\t\t\t\t<\/div>\n\t\t\t\t<\/div>\n\t\t\t\t<\/div>\n\t\t\t\t\t<\/div>\n\t\t\t\t<\/div>\n\t\t\t\t<\/div>\n\t\t","protected":false},"excerpt":{"rendered":"<p>\u00bfQU\u00c9 ES LA REPRODUCCI\u00d3N? Comprender la fertilidad con realismo y confianza Aunque muchas personas piensan que tener relaciones sexuales cerca del d\u00eda de la ovulaci\u00f3n asegura el embarazo, no siempre es as\u00ed. La capacidad reproductiva humana es naturalmente baja: incluso en parejas menores de 35 a\u00f1os y sin ning\u00fan factor de esterilidad conocido, la probabilidad [&hellip;]<\/p>\n","protected":false},"author":1,"featured_media":0,"parent":0,"menu_order":0,"comment_status":"closed","ping_status":"closed","template":"","meta":{"footnotes":""},"class_list":["post-1496","page","type-page","status-publish","hentry"],"_links":{"self":[{"href":"https:\/\/www.ginecolegs.com\/es\/wp-json\/wp\/v2\/pages\/1496","targetHints":{"allow":["GET"]}}],"collection":[{"href":"https:\/\/www.ginecolegs.com\/es\/wp-json\/wp\/v2\/pages"}],"about":[{"href":"https:\/\/www.ginecolegs.com\/es\/wp-json\/wp\/v2\/types\/page"}],"author":[{"embeddable":true,"href":"https:\/\/www.ginecolegs.com\/es\/wp-json\/wp\/v2\/users\/1"}],"replies":[{"embeddable":true,"href":"https:\/\/www.ginecolegs.com\/es\/wp-json\/wp\/v2\/comments?post=1496"}],"version-history":[{"count":0,"href":"https:\/\/www.ginecolegs.com\/es\/wp-json\/wp\/v2\/pages\/1496\/revisions"}],"wp:attachment":[{"href":"https:\/\/www.ginecolegs.com\/es\/wp-json\/wp\/v2\/media?parent=1496"}],"curies":[{"name":"wp","href":"https:\/\/api.w.org\/{rel}","templated":true}]}}