{"id":1492,"date":"2025-10-30T09:37:33","date_gmt":"2025-10-30T07:37:33","guid":{"rendered":"https:\/\/www.ginecolegs.com\/servicios\/"},"modified":"2025-12-23T12:41:14","modified_gmt":"2025-12-23T10:41:14","slug":"servicios","status":"publish","type":"page","link":"https:\/\/www.ginecolegs.com\/es\/servicios\/","title":{"rendered":"Servicios"},"content":{"rendered":"\t\t<div data-elementor-type=\"wp-page\" data-elementor-id=\"1492\" class=\"elementor elementor-1492 elementor-214\">\n\t\t\t\t<div class=\"elementor-element elementor-element-88764f3 e-flex e-con-boxed e-con e-parent\" data-id=\"88764f3\" data-element_type=\"container\">\n\t\t\t\t\t<div class=\"e-con-inner\">\n\t\t<div class=\"elementor-element elementor-element-04f9b13 e-con-full e-flex e-con e-child\" data-id=\"04f9b13\" data-element_type=\"container\">\n\t\t<div class=\"elementor-element elementor-element-e0c4ec3 e-con-full e-flex e-con e-child\" data-id=\"e0c4ec3\" data-element_type=\"container\" data-settings=\"{&quot;background_background&quot;:&quot;classic&quot;}\">\n\t\t\t\t<div class=\"elementor-element elementor-element-a714247 elementor-view-default elementor-widget elementor-widget-icon\" data-id=\"a714247\" data-element_type=\"widget\" data-widget_type=\"icon.default\">\n\t\t\t\t<div class=\"elementor-widget-container\">\n\t\t\t\t\t\t\t<div class=\"elementor-icon-wrapper\">\n\t\t\t<div class=\"elementor-icon\">\n\t\t\t<svg xmlns=\"http:\/\/www.w3.org\/2000\/svg\" width=\"66\" height=\"66\" viewBox=\"0 0 66 66\" fill=\"none\"><circle cx=\"33\" cy=\"33\" r=\"33\" fill=\"#3F9999\"><\/circle><path d=\"M33.964 25.1614C35.9929 23.1325 35.9929 19.8429 33.964 17.814C31.9351 15.785 28.6455 15.785 26.6166 17.814L17.7975 26.6331C15.7685 28.662 15.7685 31.9516 17.7975 33.9805C19.8264 36.0094 23.116 36.0094 25.1449 33.9805L33.964 25.1614Z\" stroke=\"white\" stroke-width=\"1.5\" stroke-miterlimit=\"10\"><\/path><path d=\"M39.8382 48.6567C44.7085 48.6567 48.6566 44.7086 48.6566 39.8384C48.6566 34.9681 44.7085 31.02 39.8382 31.02C34.968 31.02 31.0199 34.9681 31.0199 39.8384C31.0199 44.7086 34.968 48.6567 39.8382 48.6567Z\" stroke=\"white\" stroke-width=\"1.5\" stroke-miterlimit=\"10\"><\/path><path d=\"M46.0204 46.0204L33.9646 33.9646\" stroke=\"white\" stroke-width=\"1.5\" stroke-miterlimit=\"10\"><\/path><path d=\"M29.5554 29.5554L22.217 22.2171\" stroke=\"white\" stroke-width=\"1.5\" stroke-miterlimit=\"10\"><\/path><\/svg>\t\t\t<\/div>\n\t\t<\/div>\n\t\t\t\t\t\t<\/div>\n\t\t\t\t<\/div>\n\t\t\t\t<div class=\"elementor-element elementor-element-adc4de6 elementor-widget elementor-widget-heading\" data-id=\"adc4de6\" data-element_type=\"widget\" data-widget_type=\"heading.default\">\n\t\t\t\t<div class=\"elementor-widget-container\">\n\t\t\t\t\t<h3 class=\"elementor-heading-title elementor-size-default\">Anticoncepci\u00f3n<\/h3>\t\t\t\t<\/div>\n\t\t\t\t<\/div>\n\t\t\t\t<div class=\"elementor-element elementor-element-4181301 elementor-widget elementor-widget-text-editor\" data-id=\"4181301\" data-element_type=\"widget\" data-widget_type=\"text-editor.default\">\n\t\t\t\t<div class=\"elementor-widget-container\">\n\t\t\t\t\t\t\t\t\t<p>Te ayudamos a elegir la mejor opci\u00f3n para ti con seguridad y confianza.<\/p>\t\t\t\t\t\t\t\t<\/div>\n\t\t\t\t<\/div>\n\t\t\t\t<div class=\"elementor-element elementor-element-fdcd23b elementor-widget elementor-widget-text-editor\" data-id=\"fdcd23b\" data-element_type=\"widget\" data-widget_type=\"text-editor.default\">\n\t\t\t\t<div class=\"elementor-widget-container\">\n\t\t\t\t\t\t\t\t\t<p><a href=\"https:\/\/www.ginecolegs.com\/es\/anticoncepcion\/\">SABER M\u00c1S<\/a><\/p>\t\t\t\t\t\t\t\t<\/div>\n\t\t\t\t<\/div>\n\t\t\t\t<\/div>\n\t\t\t\t<\/div>\n\t\t<div class=\"elementor-element elementor-element-a3f0365 e-con-full e-flex e-con e-child\" data-id=\"a3f0365\" data-element_type=\"container\">\n\t\t<div class=\"elementor-element elementor-element-7ace622 e-con-full e-flex e-con e-child\" data-id=\"7ace622\" data-element_type=\"container\" data-settings=\"{&quot;background_background&quot;:&quot;classic&quot;}\">\n\t\t\t\t<div class=\"elementor-element elementor-element-1b9788c elementor-view-default elementor-widget elementor-widget-icon\" data-id=\"1b9788c\" data-element_type=\"widget\" data-widget_type=\"icon.default\">\n\t\t\t\t<div class=\"elementor-widget-container\">\n\t\t\t\t\t\t\t<div class=\"elementor-icon-wrapper\">\n\t\t\t<div class=\"elementor-icon\">\n\t\t\t<svg xmlns=\"http:\/\/www.w3.org\/2000\/svg\" width=\"66\" height=\"66\" viewBox=\"0 0 66 66\" fill=\"none\"><circle cx=\"33\" cy=\"33\" r=\"33\" fill=\"#3F9999\"><\/circle><path d=\"M40.5 16.3333V22.5988C46.5937 26.0942 49.3453 30.7449 48.7552 36.5508C48.1649 42.3567 45.4132 46.7287 40.5 49.6666\" stroke=\"white\" stroke-width=\"2\" stroke-linecap=\"round\" stroke-linejoin=\"round\"><\/path><path d=\"M24.4768 16.3333C22.6951 16.6411 21.4128 17.6849 20.6299 19.4646C19.4556 22.1341 17.1666 31.3031 17.1666 32.7715C17.1666 34.24 20.1397 38.1956 27.2098 44.1963C30.4859 46.9768 32.422 46.835 33.4706 44.9698C34.5192 43.1046 33.132 41.9085 31.3746 40.5306C28.1555 38.0069 23.9183 34.0125 23.9183 32.2591C23.9183 31.0902 25.0155 27.528 27.2098 21.5725\" stroke=\"white\" stroke-width=\"2\" stroke-linecap=\"round\" stroke-linejoin=\"round\"><\/path><path d=\"M19.8344 37.1174C20.2629 41.2674 21.0404 45.4341 22.1668 49.6174\" stroke=\"white\" stroke-width=\"2\" stroke-linecap=\"round\"><\/path><path d=\"M40.5 29.6202C41.7891 30.4767 42.6224 31.5912 43 32.9637C43.3776 34.3362 43.4877 35.5879 43.3303 36.7187\" stroke=\"white\" stroke-width=\"2\" stroke-linecap=\"round\"><\/path><\/svg>\t\t\t<\/div>\n\t\t<\/div>\n\t\t\t\t\t\t<\/div>\n\t\t\t\t<\/div>\n\t\t\t\t<div class=\"elementor-element elementor-element-58009c7 elementor-widget elementor-widget-heading\" data-id=\"58009c7\" data-element_type=\"widget\" data-widget_type=\"heading.default\">\n\t\t\t\t<div class=\"elementor-widget-container\">\n\t\t\t\t\t<h3 class=\"elementor-heading-title elementor-size-default\">Embarazo<\/h3>\t\t\t\t<\/div>\n\t\t\t\t<\/div>\n\t\t\t\t<div class=\"elementor-element elementor-element-d4ca9b2 elementor-widget elementor-widget-text-editor\" data-id=\"d4ca9b2\" data-element_type=\"widget\" data-widget_type=\"text-editor.default\">\n\t\t\t\t<div class=\"elementor-widget-container\">\n\t\t\t\t\t\t\t\t\t<p>Seguimiento completo para un embarazo saludable y tranquilo.<\/p>\t\t\t\t\t\t\t\t<\/div>\n\t\t\t\t<\/div>\n\t\t\t\t<div class=\"elementor-element elementor-element-a05ded4 elementor-widget elementor-widget-text-editor\" data-id=\"a05ded4\" data-element_type=\"widget\" data-widget_type=\"text-editor.default\">\n\t\t\t\t<div class=\"elementor-widget-container\">\n\t\t\t\t\t\t\t\t\t<p><a href=\"https:\/\/www.ginecolegs.com\/control-embaras\/\">SABER M\u00c1S<\/a><\/p>\t\t\t\t\t\t\t\t<\/div>\n\t\t\t\t<\/div>\n\t\t\t\t<\/div>\n\t\t\t\t<\/div>\n\t\t<div class=\"elementor-element elementor-element-5b74a9f e-con-full e-flex e-con e-child\" data-id=\"5b74a9f\" data-element_type=\"container\">\n\t\t<div class=\"elementor-element elementor-element-3e9d065 e-con-full e-flex e-con e-child\" data-id=\"3e9d065\" data-element_type=\"container\" data-settings=\"{&quot;background_background&quot;:&quot;classic&quot;}\">\n\t\t\t\t<div class=\"elementor-element elementor-element-8ffd2d2 elementor-view-default elementor-widget elementor-widget-icon\" data-id=\"8ffd2d2\" data-element_type=\"widget\" data-widget_type=\"icon.default\">\n\t\t\t\t<div class=\"elementor-widget-container\">\n\t\t\t\t\t\t\t<div class=\"elementor-icon-wrapper\">\n\t\t\t<div class=\"elementor-icon\">\n\t\t\t<svg xmlns=\"http:\/\/www.w3.org\/2000\/svg\" width=\"66\" height=\"66\" viewBox=\"0 0 66 66\" fill=\"none\"><circle cx=\"33\" cy=\"33\" r=\"33\" fill=\"#3F9999\"><\/circle><path d=\"M26.8722 15.0625C26.8722 17.0449 26.8722 18.5466 26.8722 19.5675C26.8722 21.099 26.0291 21.6893 22.852 22.5057C19.6749 23.322 18.7343 23.8031 17.9921 25.2121C17.4974 26.1513 17.25 27.6015 17.25 29.5626V44.8125\" stroke=\"white\" stroke-width=\"2\" stroke-linecap=\"round\"><\/path><path d=\"M42.5739 30.8199C42.7818 33.3372 42.3552 35.5356 41.2943 37.4153C40.2334 39.2948 38.3602 40.4398 35.675 40.8502\" stroke=\"white\" stroke-width=\"2\" stroke-linecap=\"round\" stroke-linejoin=\"round\"><\/path><path d=\"M23.4263 30.8199C23.2175 33.3372 23.6459 35.5356 24.7117 37.4153C25.7775 39.2948 27.6658 40.4398 30.3769 40.8502\" stroke=\"white\" stroke-width=\"2\" stroke-linecap=\"round\" stroke-linejoin=\"round\"><\/path><path d=\"M23.375 50.0731C24.5416 48.7124 25.125 47.2329 25.125 45.6346C25.125 44.0364 25.125 41.5971 25.125 38.3168\" stroke=\"white\" stroke-width=\"2\" stroke-linecap=\"round\"><\/path><path d=\"M42.625 50.0731C41.4584 48.7124 40.875 47.2329 40.875 45.6346C40.875 44.0364 40.875 41.5971 40.875 38.3168\" stroke=\"white\" stroke-width=\"2\" stroke-linecap=\"round\"><\/path><path d=\"M39.1252 15.0625C39.1252 17.0449 39.1252 18.5466 39.1252 19.5675C39.1252 21.099 39.9683 21.6893 43.1454 22.5057C46.3225 23.322 47.2632 23.8031 48.0053 25.2121C48.5001 26.1513 48.7474 27.6015 48.7474 29.5626V44.8125\" stroke=\"white\" stroke-width=\"2\" stroke-linecap=\"round\"><\/path><\/svg>\t\t\t<\/div>\n\t\t<\/div>\n\t\t\t\t\t\t<\/div>\n\t\t\t\t<\/div>\n\t\t\t\t<div class=\"elementor-element elementor-element-d8e43ad elementor-widget elementor-widget-heading\" data-id=\"d8e43ad\" data-element_type=\"widget\" data-widget_type=\"heading.default\">\n\t\t\t\t<div class=\"elementor-widget-container\">\n\t\t\t\t\t<h3 class=\"elementor-heading-title elementor-size-default\">Mama<\/h3>\t\t\t\t<\/div>\n\t\t\t\t<\/div>\n\t\t\t\t<div class=\"elementor-element elementor-element-74e54e4 elementor-widget elementor-widget-text-editor\" data-id=\"74e54e4\" data-element_type=\"widget\" data-widget_type=\"text-editor.default\">\n\t\t\t\t<div class=\"elementor-widget-container\">\n\t\t\t\t\t\t\t\t\t<p>Revisiones peri\u00f3dicas y diagn\u00f3stico precoz para la salud mamaria.<\/p>\t\t\t\t\t\t\t\t<\/div>\n\t\t\t\t<\/div>\n\t\t\t\t<div class=\"elementor-element elementor-element-1c660bd elementor-widget elementor-widget-text-editor\" data-id=\"1c660bd\" data-element_type=\"widget\" data-widget_type=\"text-editor.default\">\n\t\t\t\t<div class=\"elementor-widget-container\">\n\t\t\t\t\t\t\t\t\t<p><a href=\"https:\/\/www.ginecolegs.com\/mama\/\">SABER M\u00c1S<\/a><\/p>\t\t\t\t\t\t\t\t<\/div>\n\t\t\t\t<\/div>\n\t\t\t\t<\/div>\n\t\t\t\t<\/div>\n\t\t<div class=\"elementor-element elementor-element-5d20394 e-con-full e-flex e-con e-child\" data-id=\"5d20394\" data-element_type=\"container\">\n\t\t<div class=\"elementor-element elementor-element-30a223f e-con-full e-flex e-con e-child\" data-id=\"30a223f\" data-element_type=\"container\" data-settings=\"{&quot;background_background&quot;:&quot;classic&quot;}\">\n\t\t\t\t<div class=\"elementor-element elementor-element-9b6cf62 elementor-view-default elementor-widget elementor-widget-icon\" data-id=\"9b6cf62\" data-element_type=\"widget\" data-widget_type=\"icon.default\">\n\t\t\t\t<div class=\"elementor-widget-container\">\n\t\t\t\t\t\t\t<div class=\"elementor-icon-wrapper\">\n\t\t\t<div class=\"elementor-icon\">\n\t\t\t<svg xmlns=\"http:\/\/www.w3.org\/2000\/svg\" width=\"66\" height=\"66\" viewBox=\"0 0 66 66\" fill=\"none\"><circle cx=\"33\" cy=\"33\" r=\"33\" fill=\"#3F9999\"><\/circle><path d=\"M38.0684 36.1033C39.0839 36.8813 39.9067 37.8826 40.4729 39.0298C41.0391 40.1769 41.3335 41.4391 41.3334 42.7183V48M24.6667 18V23.2817C24.6667 24.5367 24.9501 25.7755 25.4958 26.9056C26.0415 28.0357 26.8355 29.028 27.8184 29.8083M41.3334 18V23.2817C41.3334 24.7209 40.9607 26.1357 40.2516 27.3881C39.5424 28.6406 38.5209 29.688 37.2867 30.4283L28.7134 35.5717C27.4791 36.312 26.4576 37.3594 25.7485 38.6119C25.0393 39.8643 24.6666 41.2791 24.6667 42.7183V48M24.6667 21.3333H41.3334M25.3317 26.3333H40.7517M26.3334 39.6667H40.7534M24.6667 44.6667H41.3334\" stroke=\"white\" stroke-width=\"1.5\" stroke-linecap=\"round\" stroke-linejoin=\"round\"><\/path><\/svg>\t\t\t<\/div>\n\t\t<\/div>\n\t\t\t\t\t\t<\/div>\n\t\t\t\t<\/div>\n\t\t\t\t<div class=\"elementor-element elementor-element-2568031 elementor-widget elementor-widget-heading\" data-id=\"2568031\" data-element_type=\"widget\" data-widget_type=\"heading.default\">\n\t\t\t\t<div class=\"elementor-widget-container\">\n\t\t\t\t\t<h3 class=\"elementor-heading-title elementor-size-default\">Reproducci\u00f3n<\/h3>\t\t\t\t<\/div>\n\t\t\t\t<\/div>\n\t\t\t\t<div class=\"elementor-element elementor-element-f83fa68 elementor-widget elementor-widget-text-editor\" data-id=\"f83fa68\" data-element_type=\"widget\" data-widget_type=\"text-editor.default\">\n\t\t\t\t<div class=\"elementor-widget-container\">\n\t\t\t\t\t\t\t\t\t<p>Orientaci\u00f3n y tratamientos en fertilidad para acompa\u00f1arte en el camino.<\/p>\t\t\t\t\t\t\t\t<\/div>\n\t\t\t\t<\/div>\n\t\t\t\t<div class=\"elementor-element elementor-element-c67c8a3 elementor-widget elementor-widget-text-editor\" data-id=\"c67c8a3\" data-element_type=\"widget\" data-widget_type=\"text-editor.default\">\n\t\t\t\t<div class=\"elementor-widget-container\">\n\t\t\t\t\t\t\t\t\t<p><a href=\"https:\/\/www.ginecolegs.com\/reproduccio\/\">SABER M\u00c1S<\/a><\/p>\t\t\t\t\t\t\t\t<\/div>\n\t\t\t\t<\/div>\n\t\t\t\t<\/div>\n\t\t\t\t<\/div>\n\t\t<div class=\"elementor-element elementor-element-4181908 e-con-full e-flex e-con e-child\" data-id=\"4181908\" data-element_type=\"container\">\n\t\t<div class=\"elementor-element elementor-element-42714f9 e-con-full e-flex e-con e-child\" data-id=\"42714f9\" data-element_type=\"container\" data-settings=\"{&quot;background_background&quot;:&quot;classic&quot;}\">\n\t\t\t\t<div class=\"elementor-element elementor-element-b7dd74e elementor-view-default elementor-widget elementor-widget-icon\" data-id=\"b7dd74e\" data-element_type=\"widget\" data-widget_type=\"icon.default\">\n\t\t\t\t<div class=\"elementor-widget-container\">\n\t\t\t\t\t\t\t<div class=\"elementor-icon-wrapper\">\n\t\t\t<div class=\"elementor-icon\">\n\t\t\t<svg xmlns=\"http:\/\/www.w3.org\/2000\/svg\" width=\"66\" height=\"66\" viewBox=\"0 0 66 66\" fill=\"none\"><circle cx=\"33\" cy=\"33\" r=\"33\" fill=\"#3F9999\"><\/circle><path d=\"M36.9092 39.8692C43.4142 39.8692 48.6875 34.5958 48.6875 28.0908C48.6875 21.5858 43.4142 16.3125 36.9092 16.3125C30.4042 16.3125 25.1308 21.5858 25.1308 28.0908C25.1308 34.5958 30.4042 39.8692 36.9092 39.8692Z\" stroke=\"white\" stroke-width=\"1.5\" stroke-miterlimit=\"10\"><\/path><path d=\"M36.9092 33.98C40.1617 33.98 42.7983 31.3433 42.7983 28.0908C42.7983 24.8383 40.1617 22.2017 36.9092 22.2017C33.6567 22.2017 31.02 24.8383 31.02 28.0908C31.02 31.3433 33.6567 33.98 36.9092 33.98Z\" stroke=\"white\" stroke-width=\"1.5\" stroke-miterlimit=\"10\"><\/path><path d=\"M16.3125 48.6875L28.8154 36.1846\" stroke=\"white\" stroke-width=\"1.5\" stroke-miterlimit=\"10\"><\/path><path d=\"M16.3125 36.9092L28.0908 48.6875\" stroke=\"white\" stroke-width=\"1.5\" stroke-miterlimit=\"10\"><\/path><\/svg>\t\t\t<\/div>\n\t\t<\/div>\n\t\t\t\t\t\t<\/div>\n\t\t\t\t<\/div>\n\t\t\t\t<div class=\"elementor-element elementor-element-9e2479b elementor-widget elementor-widget-heading\" data-id=\"9e2479b\" data-element_type=\"widget\" data-widget_type=\"heading.default\">\n\t\t\t\t<div class=\"elementor-widget-container\">\n\t\t\t\t\t<h3 class=\"elementor-heading-title elementor-size-default\">Menopausia<\/h3>\t\t\t\t<\/div>\n\t\t\t\t<\/div>\n\t\t\t\t<div class=\"elementor-element elementor-element-3c0c142 elementor-widget elementor-widget-text-editor\" data-id=\"3c0c142\" data-element_type=\"widget\" data-widget_type=\"text-editor.default\">\n\t\t\t\t<div class=\"elementor-widget-container\">\n\t\t\t\t\t\t\t\t\t<p>Apoyo y soluciones para vivir esta etapa con bienestar y calidad de vida.<\/p>\t\t\t\t\t\t\t\t<\/div>\n\t\t\t\t<\/div>\n\t\t\t\t<div class=\"elementor-element elementor-element-1061a7f elementor-widget elementor-widget-text-editor\" data-id=\"1061a7f\" data-element_type=\"widget\" data-widget_type=\"text-editor.default\">\n\t\t\t\t<div class=\"elementor-widget-container\">\n\t\t\t\t\t\t\t\t\t<p><a href=\"https:\/\/www.ginecolegs.com\/menopausa\/\">SABER M\u00c1S<\/a><\/p>\t\t\t\t\t\t\t\t<\/div>\n\t\t\t\t<\/div>\n\t\t\t\t<\/div>\n\t\t\t\t<\/div>\n\t\t<div class=\"elementor-element elementor-element-800dad3 e-con-full e-flex e-con e-child\" data-id=\"800dad3\" data-element_type=\"container\">\n\t\t\t\t<\/div>\n\t\t\t\t\t<\/div>\n\t\t\t\t<\/div>\n\t\t<div class=\"elementor-element elementor-element-b38defb e-flex e-con-boxed e-con e-parent\" data-id=\"b38defb\" data-element_type=\"container\">\n\t\t\t\t\t<div class=\"e-con-inner\">\n\t\t<div class=\"elementor-element elementor-element-8a2d115 e-con-full e-flex e-con e-child\" data-id=\"8a2d115\" data-element_type=\"container\" data-settings=\"{&quot;background_background&quot;:&quot;classic&quot;}\">\n\t\t\t\t<div class=\"elementor-element elementor-element-8d603b6 elementor-widget elementor-widget-text-editor\" data-id=\"8d603b6\" data-element_type=\"widget\" data-widget_type=\"text-editor.default\">\n\t\t\t\t<div class=\"elementor-widget-container\">\n\t\t\t\t\t\t\t\t\t<p>Estamos cerca de ti<\/p>\t\t\t\t\t\t\t\t<\/div>\n\t\t\t\t<\/div>\n\t\t\t\t<div class=\"elementor-element elementor-element-0cbc781 elementor-widget elementor-widget-heading\" data-id=\"0cbc781\" data-element_type=\"widget\" data-widget_type=\"heading.default\">\n\t\t\t\t<div class=\"elementor-widget-container\">\n\t\t\t\t\t<h2 class=\"elementor-heading-title elementor-size-default\">\u00bfTienes dudas o quieres pedir cita? \n<br>Hablemos<\/h2>\t\t\t\t<\/div>\n\t\t\t\t<\/div>\n\t\t\t\t<div class=\"elementor-element elementor-element-cf03209 elementor-widget elementor-widget-text-editor\" data-id=\"cf03209\" data-element_type=\"widget\" data-widget_type=\"text-editor.default\">\n\t\t\t\t<div class=\"elementor-widget-container\">\n\t\t\t\t\t\t\t\t\t<p>Resolvemos tus dudas y te ayudamos a pedir cita de forma f\u00e1cil y r\u00e1pida.<br>Nos puedes escribir o llamar, como te sea m\u00e1s c\u00f3modo.<\/p>\t\t\t\t\t\t\t\t<\/div>\n\t\t\t\t<\/div>\n\t\t\t\t<div class=\"elementor-element elementor-element-e800765 button-ele elementor-align-center elementor-widget elementor-widget-button\" data-id=\"e800765\" data-element_type=\"widget\" data-widget_type=\"button.default\">\n\t\t\t\t<div class=\"elementor-widget-container\">\n\t\t\t\t\t\t\t\t\t<div class=\"elementor-button-wrapper\">\n\t\t\t\t\t<a class=\"elementor-button elementor-button-link elementor-size-sm\" href=\"https:\/\/www.ginecolegs.com\/contacte\/\">\n\t\t\t\t\t\t<span class=\"elementor-button-content-wrapper\">\n\t\t\t\t\t\t\t\t\t<span class=\"elementor-button-text\">Contacta con nosotros<\/span>\n\t\t\t\t\t<\/span>\n\t\t\t\t\t<\/a>\n\t\t\t\t<\/div>\n\t\t\t\t\t\t\t\t<\/div>\n\t\t\t\t<\/div>\n\t\t\t\t<\/div>\n\t\t\t\t\t<\/div>\n\t\t\t\t<\/div>\n\t\t\t\t<\/div>\n\t\t","protected":false},"excerpt":{"rendered":"<p>Anticoncepci\u00f3n Te ayudamos a elegir la mejor opci\u00f3n para ti con seguridad y confianza. SABER M\u00c1S Embarazo Seguimiento completo para un embarazo saludable y tranquilo. SABER M\u00c1S Mama Revisiones peri\u00f3dicas y diagn\u00f3stico precoz para la salud mamaria. SABER M\u00c1S Reproducci\u00f3n Orientaci\u00f3n y tratamientos en fertilidad para acompa\u00f1arte en el camino. SABER M\u00c1S Menopausia Apoyo y [&hellip;]<\/p>\n","protected":false},"author":1,"featured_media":0,"parent":0,"menu_order":0,"comment_status":"closed","ping_status":"closed","template":"","meta":{"footnotes":""},"class_list":["post-1492","page","type-page","status-publish","hentry"],"_links":{"self":[{"href":"https:\/\/www.ginecolegs.com\/es\/wp-json\/wp\/v2\/pages\/1492","targetHints":{"allow":["GET"]}}],"collection":[{"href":"https:\/\/www.ginecolegs.com\/es\/wp-json\/wp\/v2\/pages"}],"about":[{"href":"https:\/\/www.ginecolegs.com\/es\/wp-json\/wp\/v2\/types\/page"}],"author":[{"embeddable":true,"href":"https:\/\/www.ginecolegs.com\/es\/wp-json\/wp\/v2\/users\/1"}],"replies":[{"embeddable":true,"href":"https:\/\/www.ginecolegs.com\/es\/wp-json\/wp\/v2\/comments?post=1492"}],"version-history":[{"count":0,"href":"https:\/\/www.ginecolegs.com\/es\/wp-json\/wp\/v2\/pages\/1492\/revisions"}],"wp:attachment":[{"href":"https:\/\/www.ginecolegs.com\/es\/wp-json\/wp\/v2\/media?parent=1492"}],"curies":[{"name":"wp","href":"https:\/\/api.w.org\/{rel}","templated":true}]}}