{"id":1490,"date":"2025-10-07T09:35:01","date_gmt":"2025-10-07T07:35:01","guid":{"rendered":"https:\/\/www.ginecolegs.com\/nosotros\/"},"modified":"2025-12-23T12:40:41","modified_gmt":"2025-12-23T10:40:41","slug":"nosotros","status":"publish","type":"page","link":"https:\/\/www.ginecolegs.com\/es\/nosotros\/","title":{"rendered":"Nosotros"},"content":{"rendered":"\t\t<div data-elementor-type=\"wp-page\" data-elementor-id=\"1490\" class=\"elementor elementor-1490 elementor-8\">\n\t\t\t\t<div class=\"elementor-element elementor-element-2f35d5c e-flex e-con-boxed e-con e-parent\" data-id=\"2f35d5c\" data-element_type=\"container\">\n\t\t\t\t\t<div class=\"e-con-inner\">\n\t\t<div class=\"elementor-element elementor-element-29e1a57 e-con-full e-flex e-con e-child\" data-id=\"29e1a57\" data-element_type=\"container\">\n\t\t\t\t<div class=\"elementor-element elementor-element-f6ec87e elementor-widget elementor-widget-image\" data-id=\"f6ec87e\" data-element_type=\"widget\" data-widget_type=\"image.default\">\n\t\t\t\t<div class=\"elementor-widget-container\">\n\t\t\t\t\t\t\t\t\t\t\t\t\t\t\t<img loading=\"lazy\" decoding=\"async\" width=\"631\" height=\"444\" loading=\"lazy\" src=\"https:\/\/www.ginecolegs.com\/app\/uploads\/2025\/10\/centrereferent.jpg\" class=\"attachment-large size-large wp-image-392\" alt=\"\" srcset=\"https:\/\/www.ginecolegs.com\/app\/uploads\/2025\/10\/centrereferent.jpg 631w, https:\/\/www.ginecolegs.com\/app\/uploads\/2025\/10\/centrereferent-300x211.jpg 300w\" sizes=\"auto, (max-width: 631px) 100vw, 631px\" \/>\t\t\t\t\t\t\t\t\t\t\t\t\t\t\t<\/div>\n\t\t\t\t<\/div>\n\t\t\t\t<\/div>\n\t\t<div class=\"elementor-element elementor-element-fa39ae4 e-con-full e-flex e-con e-child\" data-id=\"fa39ae4\" data-element_type=\"container\">\n\t\t\t\t<div class=\"elementor-element elementor-element-7abbf2e elementor-widget elementor-widget-text-editor\" data-id=\"7abbf2e\" data-element_type=\"widget\" data-widget_type=\"text-editor.default\">\n\t\t\t\t<div class=\"elementor-widget-container\">\n\t\t\t\t\t\t\t\t\t<p>EXPERIENCIA, COMPROMISO Y ATENCI\u00d3N CERCANA<\/p>\t\t\t\t\t\t\t\t<\/div>\n\t\t\t\t<\/div>\n\t\t\t\t<div class=\"elementor-element elementor-element-cf2e629 elementor-widget elementor-widget-heading\" data-id=\"cf2e629\" data-element_type=\"widget\" data-widget_type=\"heading.default\">\n\t\t\t\t<div class=\"elementor-widget-container\">\n\t\t\t\t\t<h2 class=\"elementor-heading-title elementor-size-default\">Somos un centro referente en ginecolog\u00eda y obstetricia<\/h2>\t\t\t\t<\/div>\n\t\t\t\t<\/div>\n\t\t\t\t<div class=\"elementor-element elementor-element-360ec70 elementor-widget elementor-widget-text-editor\" data-id=\"360ec70\" data-element_type=\"widget\" data-widget_type=\"text-editor.default\">\n\t\t\t\t<div class=\"elementor-widget-container\">\n\t\t\t\t\t\t\t\t\t<p>Desde 1980 trabajamos juntos para ofrecer una atenci\u00f3n integral y de calidad en todas las etapas de la salud femenina. Contamos con un equipo consolidado de ginec\u00f3logos, comadronas y enfermeras, con el apoyo de profesionales colaboradores en \u00e1reas espec\u00edficas. Trabajamos en red con centros hospitalarios como el Hospital General de Granollers y el Hospital General de Catalunya, garantizando una atenci\u00f3n continua y coordinada para nuestras pacientes.<\/p>\t\t\t\t\t\t\t\t<\/div>\n\t\t\t\t<\/div>\n\t\t\t\t<\/div>\n\t\t\t\t\t<\/div>\n\t\t\t\t<\/div>\n\t\t<div class=\"elementor-element elementor-element-791ac25 e-flex e-con-boxed e-con e-parent\" data-id=\"791ac25\" data-element_type=\"container\" data-settings=\"{&quot;background_background&quot;:&quot;classic&quot;}\">\n\t\t\t\t\t<div class=\"e-con-inner\">\n\t\t<div class=\"elementor-element elementor-element-cde0c09 e-con-full e-flex e-con e-child\" data-id=\"cde0c09\" data-element_type=\"container\">\n\t\t\t\t<div class=\"elementor-element elementor-element-2e53163 elementor-widget elementor-widget-text-editor\" data-id=\"2e53163\" data-element_type=\"widget\" data-widget_type=\"text-editor.default\">\n\t\t\t\t<div class=\"elementor-widget-container\">\n\t\t\t\t\t\t\t\t\t<p>\u00bfPOR QU\u00c9 CONFIAR EN NOSOTROS?<\/p>\t\t\t\t\t\t\t\t<\/div>\n\t\t\t\t<\/div>\n\t\t\t\t<div class=\"elementor-element elementor-element-af24149 elementor-widget elementor-widget-heading\" data-id=\"af24149\" data-element_type=\"widget\" data-widget_type=\"heading.default\">\n\t\t\t\t<div class=\"elementor-widget-container\">\n\t\t\t\t\t<h2 class=\"elementor-heading-title elementor-size-default\">Profesionales cercanos,<br><br>atenci\u00f3n personalizada<\/h2>\t\t\t\t<\/div>\n\t\t\t\t<\/div>\n\t\t<div class=\"elementor-element elementor-element-315763d e-grid e-con-full e-con e-child\" data-id=\"315763d\" data-element_type=\"container\">\n\t\t<div class=\"elementor-element elementor-element-114de71 e-con-full e-flex e-con e-child\" data-id=\"114de71\" data-element_type=\"container\" data-settings=\"{&quot;background_background&quot;:&quot;classic&quot;}\">\n\t\t\t\t<div class=\"elementor-element elementor-element-bfe9c24 elementor-widget elementor-widget-heading\" data-id=\"bfe9c24\" data-element_type=\"widget\" data-widget_type=\"heading.default\">\n\t\t\t\t<div class=\"elementor-widget-container\">\n\t\t\t\t\t<h3 class=\"elementor-heading-title elementor-size-default\">Trato<br>cercano<\/h3>\t\t\t\t<\/div>\n\t\t\t\t<\/div>\n\t\t\t\t<div class=\"elementor-element elementor-element-f8b336b elementor-widget elementor-widget-text-editor\" data-id=\"f8b336b\" data-element_type=\"widget\" data-widget_type=\"text-editor.default\">\n\t\t\t\t<div class=\"elementor-widget-container\">\n\t\t\t\t\t\t\t\t\t<p>Te escuchamos y te acompa\u00f1amos<br>con empat\u00eda.<\/p>\t\t\t\t\t\t\t\t<\/div>\n\t\t\t\t<\/div>\n\t\t\t\t<\/div>\n\t\t<div class=\"elementor-element elementor-element-85c7167 e-con-full e-flex e-con e-child\" data-id=\"85c7167\" data-element_type=\"container\" data-settings=\"{&quot;background_background&quot;:&quot;classic&quot;}\">\n\t\t\t\t<div class=\"elementor-element elementor-element-80ef208 elementor-widget elementor-widget-heading\" data-id=\"80ef208\" data-element_type=\"widget\" data-widget_type=\"heading.default\">\n\t\t\t\t<div class=\"elementor-widget-container\">\n\t\t\t\t\t<h3 class=\"elementor-heading-title elementor-size-default\">Amplia<br>experiencia<\/h3>\t\t\t\t<\/div>\n\t\t\t\t<\/div>\n\t\t\t\t<div class=\"elementor-element elementor-element-e78329c elementor-widget elementor-widget-text-editor\" data-id=\"e78329c\" data-element_type=\"widget\" data-widget_type=\"text-editor.default\">\n\t\t\t\t<div class=\"elementor-widget-container\">\n\t\t\t\t\t\t\t\t\t<p>M\u00e1s de 40 a\u00f1os cuidando de la salud femenina.<\/p>\t\t\t\t\t\t\t\t<\/div>\n\t\t\t\t<\/div>\n\t\t\t\t<\/div>\n\t\t<div class=\"elementor-element elementor-element-eae8153 e-con-full e-flex e-con e-child\" data-id=\"eae8153\" data-element_type=\"container\" data-settings=\"{&quot;background_background&quot;:&quot;classic&quot;}\">\n\t\t\t\t<div class=\"elementor-element elementor-element-d8a4254 elementor-widget elementor-widget-heading\" data-id=\"d8a4254\" data-element_type=\"widget\" data-widget_type=\"heading.default\">\n\t\t\t\t<div class=\"elementor-widget-container\">\n\t\t\t\t\t<h3 class=\"elementor-heading-title elementor-size-default\">Tratamientos<br>personalizados<\/h3>\t\t\t\t<\/div>\n\t\t\t\t<\/div>\n\t\t\t\t<div class=\"elementor-element elementor-element-08a5bc7 elementor-widget elementor-widget-text-editor\" data-id=\"08a5bc7\" data-element_type=\"widget\" data-widget_type=\"text-editor.default\">\n\t\t\t\t<div class=\"elementor-widget-container\">\n\t\t\t\t\t\t\t\t\t<p>Tratamientos adaptados a cada paciente.<\/p>\t\t\t\t\t\t\t\t<\/div>\n\t\t\t\t<\/div>\n\t\t\t\t<\/div>\n\t\t<div class=\"elementor-element elementor-element-04b1f62 e-con-full e-flex e-con e-child\" data-id=\"04b1f62\" data-element_type=\"container\" data-settings=\"{&quot;background_background&quot;:&quot;classic&quot;}\">\n\t\t\t\t<div class=\"elementor-element elementor-element-7b0ef8c elementor-widget elementor-widget-heading\" data-id=\"7b0ef8c\" data-element_type=\"widget\" data-widget_type=\"heading.default\">\n\t\t\t\t<div class=\"elementor-widget-container\">\n\t\t\t\t\t<h3 class=\"elementor-heading-title elementor-size-default\">Derivaci\u00f3n hospitalaria<\/h3>\t\t\t\t<\/div>\n\t\t\t\t<\/div>\n\t\t\t\t<div class=\"elementor-element elementor-element-fd2de50 elementor-widget elementor-widget-text-editor\" data-id=\"fd2de50\" data-element_type=\"widget\" data-widget_type=\"text-editor.default\">\n\t\t\t\t<div class=\"elementor-widget-container\">\n\t\t\t\t\t\t\t\t\t<p>Trabajamos con hospitales de referencia.<\/p>\t\t\t\t\t\t\t\t<\/div>\n\t\t\t\t<\/div>\n\t\t\t\t<\/div>\n\t\t\t\t<\/div>\n\t\t\t\t<\/div>\n\t\t\t\t\t<\/div>\n\t\t\t\t<\/div>\n\t\t<div class=\"elementor-element elementor-element-c078c71 e-flex e-con-boxed e-con e-parent\" data-id=\"c078c71\" data-element_type=\"container\" data-settings=\"{&quot;background_background&quot;:&quot;classic&quot;}\">\n\t\t\t\t\t<div class=\"e-con-inner\">\n\t\t<div class=\"elementor-element elementor-element-075698e e-con-full e-flex e-con e-child\" data-id=\"075698e\" data-element_type=\"container\">\n\t\t\t\t<div class=\"elementor-element elementor-element-948f14a elementor-widget elementor-widget-text-editor\" data-id=\"948f14a\" data-element_type=\"widget\" data-widget_type=\"text-editor.default\">\n\t\t\t\t<div class=\"elementor-widget-container\">\n\t\t\t\t\t\t\t\t\t<p>PROFESIONALES A TU SERVICIO<\/p>\t\t\t\t\t\t\t\t<\/div>\n\t\t\t\t<\/div>\n\t\t\t\t<div class=\"elementor-element elementor-element-aae6927 elementor-widget elementor-widget-heading\" data-id=\"aae6927\" data-element_type=\"widget\" data-widget_type=\"heading.default\">\n\t\t\t\t<div class=\"elementor-widget-container\">\n\t\t\t\t\t<h2 class=\"elementor-heading-title elementor-size-default\">Conoce a nuestro equipo m\u00e9dico<\/h2>\t\t\t\t<\/div>\n\t\t\t\t<\/div>\n\t\t<div class=\"elementor-element elementor-element-0b3e866 e-grid e-con-full e-con e-child\" data-id=\"0b3e866\" data-element_type=\"container\">\n\t\t\t\t<div class=\"elementor-element elementor-element-731d123 elementor-position-top elementor-widget elementor-widget-image-box\" data-id=\"731d123\" data-element_type=\"widget\" data-widget_type=\"image-box.default\">\n\t\t\t\t<div class=\"elementor-widget-container\">\n\t\t\t\t\t<div class=\"elementor-image-box-wrapper\"><figure class=\"elementor-image-box-img\"><img loading=\"lazy\" decoding=\"async\" width=\"306\" height=\"389\" loading=\"lazy\" src=\"https:\/\/www.ginecolegs.com\/app\/uploads\/2025\/10\/joanserra.jpg\" class=\"attachment-full size-full wp-image-393\" alt=\"\" srcset=\"https:\/\/www.ginecolegs.com\/app\/uploads\/2025\/10\/joanserra.jpg 306w, https:\/\/www.ginecolegs.com\/app\/uploads\/2025\/10\/joanserra-236x300.jpg 236w\" sizes=\"auto, (max-width: 306px) 100vw, 306px\" \/><\/figure><div class=\"elementor-image-box-content\"><h3 class=\"elementor-image-box-title\">Dr. Joan Ot Serra <\/h3><p class=\"elementor-image-box-description\">Ginec\u00f3logo y Obstetra<\/p><\/div><\/div>\t\t\t\t<\/div>\n\t\t\t\t<\/div>\n\t\t\t\t<div class=\"elementor-element elementor-element-5e2c647 elementor-position-top elementor-widget elementor-widget-image-box\" data-id=\"5e2c647\" data-element_type=\"widget\" data-widget_type=\"image-box.default\">\n\t\t\t\t<div class=\"elementor-widget-container\">\n\t\t\t\t\t<div class=\"elementor-image-box-wrapper\"><figure class=\"elementor-image-box-img\"><img loading=\"lazy\" decoding=\"async\" width=\"306\" height=\"389\" loading=\"lazy\" src=\"https:\/\/www.ginecolegs.com\/app\/uploads\/2025\/10\/sagitarbal.jpg\" class=\"attachment-full size-full wp-image-401\" alt=\"\" srcset=\"https:\/\/www.ginecolegs.com\/app\/uploads\/2025\/10\/sagitarbal.jpg 306w, https:\/\/www.ginecolegs.com\/app\/uploads\/2025\/10\/sagitarbal-236x300.jpg 236w\" sizes=\"auto, (max-width: 306px) 100vw, 306px\" \/><\/figure><div class=\"elementor-image-box-content\"><h3 class=\"elementor-image-box-title\">Dr. Sagi Tarbal<\/h3><p class=\"elementor-image-box-description\">Ginec\u00f3logo y Obstetra<\/p><\/div><\/div>\t\t\t\t<\/div>\n\t\t\t\t<\/div>\n\t\t\t\t<div class=\"elementor-element elementor-element-474c33e elementor-position-top elementor-widget elementor-widget-image-box\" data-id=\"474c33e\" data-element_type=\"widget\" data-widget_type=\"image-box.default\">\n\t\t\t\t<div class=\"elementor-widget-container\">\n\t\t\t\t\t<div class=\"elementor-image-box-wrapper\"><figure class=\"elementor-image-box-img\"><img loading=\"lazy\" decoding=\"async\" width=\"306\" height=\"389\" loading=\"lazy\" src=\"https:\/\/www.ginecolegs.com\/app\/uploads\/2025\/10\/evaturell.jpg\" class=\"attachment-full size-full wp-image-398\" alt=\"\" srcset=\"https:\/\/www.ginecolegs.com\/app\/uploads\/2025\/10\/evaturell.jpg 306w, https:\/\/www.ginecolegs.com\/app\/uploads\/2025\/10\/evaturell-236x300.jpg 236w\" sizes=\"auto, (max-width: 306px) 100vw, 306px\" \/><\/figure><div class=\"elementor-image-box-content\"><h3 class=\"elementor-image-box-title\">Dr. Eva Turell<\/h3><p class=\"elementor-image-box-description\">Ginec\u00f3loga Obstetra<\/p><\/div><\/div>\t\t\t\t<\/div>\n\t\t\t\t<\/div>\n\t\t\t\t<div class=\"elementor-element elementor-element-e96f43a elementor-position-top elementor-widget elementor-widget-image-box\" data-id=\"e96f43a\" data-element_type=\"widget\" data-widget_type=\"image-box.default\">\n\t\t\t\t<div class=\"elementor-widget-container\">\n\t\t\t\t\t<div class=\"elementor-image-box-wrapper\"><figure class=\"elementor-image-box-img\"><img loading=\"lazy\" decoding=\"async\" width=\"306\" height=\"389\" loading=\"lazy\" src=\"https:\/\/www.ginecolegs.com\/app\/uploads\/2025\/10\/gemmahernandez.jpg\" class=\"attachment-full size-full wp-image-399\" alt=\"\" srcset=\"https:\/\/www.ginecolegs.com\/app\/uploads\/2025\/10\/gemmahernandez.jpg 306w, https:\/\/www.ginecolegs.com\/app\/uploads\/2025\/10\/gemmahernandez-236x300.jpg 236w\" sizes=\"auto, (max-width: 306px) 100vw, 306px\" \/><\/figure><div class=\"elementor-image-box-content\"><h3 class=\"elementor-image-box-title\">Dra. Gemma Hern\u00e1ndez <\/h3><p class=\"elementor-image-box-description\">Ginec\u00f3loga Obstetra<\/p><\/div><\/div>\t\t\t\t<\/div>\n\t\t\t\t<\/div>\n\t\t\t\t<\/div>\n\t\t<div class=\"elementor-element elementor-element-8d01e9d e-grid e-con-full e-con e-child\" data-id=\"8d01e9d\" data-element_type=\"container\">\n\t\t\t\t<div class=\"elementor-element elementor-element-18887f8 elementor-position-top elementor-widget elementor-widget-image-box\" data-id=\"18887f8\" data-element_type=\"widget\" data-widget_type=\"image-box.default\">\n\t\t\t\t<div class=\"elementor-widget-container\">\n\t\t\t\t\t<div class=\"elementor-image-box-wrapper\"><figure class=\"elementor-image-box-img\"><img loading=\"lazy\" decoding=\"async\" width=\"306\" height=\"389\" loading=\"lazy\" src=\"https:\/\/www.ginecolegs.com\/app\/uploads\/2025\/10\/esterbaeza.jpg\" class=\"attachment-full size-full wp-image-397\" alt=\"\" srcset=\"https:\/\/www.ginecolegs.com\/app\/uploads\/2025\/10\/esterbaeza.jpg 306w, https:\/\/www.ginecolegs.com\/app\/uploads\/2025\/10\/esterbaeza-236x300.jpg 236w\" sizes=\"auto, (max-width: 306px) 100vw, 306px\" \/><\/figure><div class=\"elementor-image-box-content\"><h3 class=\"elementor-image-box-title\">Dra. Ester Baeza <\/h3><p class=\"elementor-image-box-description\">Ginec\u00f3loga Obstetra<\/p><\/div><\/div>\t\t\t\t<\/div>\n\t\t\t\t<\/div>\n\t\t\t\t<div class=\"elementor-element elementor-element-3d78fd5 elementor-position-top elementor-widget elementor-widget-image-box\" data-id=\"3d78fd5\" data-element_type=\"widget\" data-widget_type=\"image-box.default\">\n\t\t\t\t<div class=\"elementor-widget-container\">\n\t\t\t\t\t<div class=\"elementor-image-box-wrapper\"><figure class=\"elementor-image-box-img\"><img loading=\"lazy\" decoding=\"async\" width=\"306\" height=\"389\" loading=\"lazy\" src=\"https:\/\/www.ginecolegs.com\/app\/uploads\/2025\/10\/jordisargatal.jpg\" class=\"attachment-full size-full wp-image-400\" alt=\"\" srcset=\"https:\/\/www.ginecolegs.com\/app\/uploads\/2025\/10\/jordisargatal.jpg 306w, https:\/\/www.ginecolegs.com\/app\/uploads\/2025\/10\/jordisargatal-236x300.jpg 236w\" sizes=\"auto, (max-width: 306px) 100vw, 306px\" \/><\/figure><div class=\"elementor-image-box-content\"><h3 class=\"elementor-image-box-title\">Dr. Jordi Sargatal<\/h3><p class=\"elementor-image-box-description\">Ginec\u00f3logo y Obstetra<\/p><\/div><\/div>\t\t\t\t<\/div>\n\t\t\t\t<\/div>\n\t\t\t\t<div class=\"elementor-element elementor-element-1285886 elementor-position-top elementor-widget elementor-widget-image-box\" data-id=\"1285886\" data-element_type=\"widget\" data-widget_type=\"image-box.default\">\n\t\t\t\t<div class=\"elementor-widget-container\">\n\t\t\t\t\t<div class=\"elementor-image-box-wrapper\"><figure class=\"elementor-image-box-img\"><img loading=\"lazy\" decoding=\"async\" width=\"306\" height=\"389\" loading=\"lazy\" src=\"https:\/\/www.ginecolegs.com\/app\/uploads\/2025\/10\/amaparoramirez.jpg\" class=\"attachment-full size-full wp-image-394\" alt=\"\" srcset=\"https:\/\/www.ginecolegs.com\/app\/uploads\/2025\/10\/amaparoramirez.jpg 306w, https:\/\/www.ginecolegs.com\/app\/uploads\/2025\/10\/amaparoramirez-236x300.jpg 236w\" sizes=\"auto, (max-width: 306px) 100vw, 306px\" \/><\/figure><div class=\"elementor-image-box-content\"><h3 class=\"elementor-image-box-title\">Dra. Amparo Ram\u00edrez <\/h3><p class=\"elementor-image-box-description\">Ginec\u00f3loga Obstetra<\/p><\/div><\/div>\t\t\t\t<\/div>\n\t\t\t\t<\/div>\n\t\t\t\t<div class=\"elementor-element elementor-element-ad795b0 elementor-position-top elementor-widget elementor-widget-image-box\" data-id=\"ad795b0\" data-element_type=\"widget\" data-widget_type=\"image-box.default\">\n\t\t\t\t<div class=\"elementor-widget-container\">\n\t\t\t\t\t<div class=\"elementor-image-box-wrapper\"><figure class=\"elementor-image-box-img\"><img loading=\"lazy\" decoding=\"async\" width=\"306\" height=\"389\" loading=\"lazy\" src=\"https:\/\/www.ginecolegs.com\/app\/uploads\/2025\/10\/veronicaalvarez.jpg\" class=\"attachment-full size-full wp-image-402\" alt=\"\" srcset=\"https:\/\/www.ginecolegs.com\/app\/uploads\/2025\/10\/veronicaalvarez.jpg 306w, https:\/\/www.ginecolegs.com\/app\/uploads\/2025\/10\/veronicaalvarez-236x300.jpg 236w\" sizes=\"auto, (max-width: 306px) 100vw, 306px\" \/><\/figure><div class=\"elementor-image-box-content\"><h3 class=\"elementor-image-box-title\">Dra. Ver\u00f3nica \u00c1lvarez <\/h3><p class=\"elementor-image-box-description\">Ginec\u00f3loga Obstetra<\/p><\/div><\/div>\t\t\t\t<\/div>\n\t\t\t\t<\/div>\n\t\t\t\t<\/div>\n\t\t<div class=\"elementor-element elementor-element-efdf5c3 e-con-full e-grid e-con e-child\" data-id=\"efdf5c3\" data-element_type=\"container\">\n\t\t\t\t<div class=\"elementor-element elementor-element-b517242 elementor-position-top elementor-widget elementor-widget-image-box\" data-id=\"b517242\" data-element_type=\"widget\" data-widget_type=\"image-box.default\">\n\t\t\t\t<div class=\"elementor-widget-container\">\n\t\t\t\t\t<div class=\"elementor-image-box-wrapper\"><figure class=\"elementor-image-box-img\"><img loading=\"lazy\" decoding=\"async\" width=\"306\" height=\"389\" loading=\"lazy\" src=\"https:\/\/www.ginecolegs.com\/app\/uploads\/2025\/10\/elenarabanal.jpg\" class=\"attachment-full size-full wp-image-395\" alt=\"\" srcset=\"https:\/\/www.ginecolegs.com\/app\/uploads\/2025\/10\/elenarabanal.jpg 306w, https:\/\/www.ginecolegs.com\/app\/uploads\/2025\/10\/elenarabanal-236x300.jpg 236w\" sizes=\"auto, (max-width: 306px) 100vw, 306px\" \/><\/figure><div class=\"elementor-image-box-content\"><h3 class=\"elementor-image-box-title\">Dra. Elena Rabanal <\/h3><p class=\"elementor-image-box-description\">Radi\u00f2loga<\/p><\/div><\/div>\t\t\t\t<\/div>\n\t\t\t\t<\/div>\n\t\t\t\t<div class=\"elementor-element elementor-element-a934bfa elementor-position-top elementor-widget elementor-widget-image-box\" data-id=\"a934bfa\" data-element_type=\"widget\" data-widget_type=\"image-box.default\">\n\t\t\t\t<div class=\"elementor-widget-container\">\n\t\t\t\t\t<div class=\"elementor-image-box-wrapper\"><figure class=\"elementor-image-box-img\"><img loading=\"lazy\" decoding=\"async\" width=\"636\" height=\"389\" loading=\"lazy\" src=\"https:\/\/www.ginecolegs.com\/app\/uploads\/2025\/10\/equip.jpg\" class=\"attachment-full size-full wp-image-396\" alt=\"\" srcset=\"https:\/\/www.ginecolegs.com\/app\/uploads\/2025\/10\/equip.jpg 636w, https:\/\/www.ginecolegs.com\/app\/uploads\/2025\/10\/equip-300x183.jpg 300w\" sizes=\"auto, (max-width: 636px) 100vw, 636px\" \/><\/figure><div class=\"elementor-image-box-content\"><h3 class=\"elementor-image-box-title\">Nuestro equipo<\/h3><p class=\"elementor-image-box-description\">Equipo de enfermer\u00eda<\/p><\/div><\/div>\t\t\t\t<\/div>\n\t\t\t\t<\/div>\n\t\t\t\t<\/div>\n\t\t\t\t<\/div>\n\t\t\t\t\t<\/div>\n\t\t\t\t<\/div>\n\t\t<div class=\"elementor-element elementor-element-b86daa8 e-flex e-con-boxed e-con e-parent\" data-id=\"b86daa8\" data-element_type=\"container\">\n\t\t\t\t\t<div class=\"e-con-inner\">\n\t\t<div class=\"elementor-element elementor-element-45d419d e-con-full e-flex e-con e-child\" data-id=\"45d419d\" data-element_type=\"container\" data-settings=\"{&quot;background_background&quot;:&quot;classic&quot;}\">\n\t\t\t\t<div class=\"elementor-element elementor-element-6188fd3 elementor-widget elementor-widget-text-editor\" data-id=\"6188fd3\" data-element_type=\"widget\" data-widget_type=\"text-editor.default\">\n\t\t\t\t<div class=\"elementor-widget-container\">\n\t\t\t\t\t\t\t\t\t<p>Estamos cerca de ti<\/p>\t\t\t\t\t\t\t\t<\/div>\n\t\t\t\t<\/div>\n\t\t\t\t<div class=\"elementor-element elementor-element-09df3e5 elementor-widget elementor-widget-heading\" data-id=\"09df3e5\" data-element_type=\"widget\" data-widget_type=\"heading.default\">\n\t\t\t\t<div class=\"elementor-widget-container\">\n\t\t\t\t\t<h2 class=\"elementor-heading-title elementor-size-default\">\u00bfTienes dudas o quieres pedir cita? \n<br>Hablemos<\/h2>\t\t\t\t<\/div>\n\t\t\t\t<\/div>\n\t\t\t\t<div class=\"elementor-element elementor-element-64c5fa1 elementor-widget elementor-widget-text-editor\" data-id=\"64c5fa1\" data-element_type=\"widget\" data-widget_type=\"text-editor.default\">\n\t\t\t\t<div class=\"elementor-widget-container\">\n\t\t\t\t\t\t\t\t\t<p>Resolvemos tus dudas y te ayudamos a pedir cita de forma f\u00e1cil y r\u00e1pida.<br>Nos puedes escribir o llamar, como te sea m\u00e1s c\u00f3modo.<\/p>\t\t\t\t\t\t\t\t<\/div>\n\t\t\t\t<\/div>\n\t\t\t\t<div class=\"elementor-element elementor-element-860bfdd button-ele elementor-align-center elementor-widget elementor-widget-button\" data-id=\"860bfdd\" data-element_type=\"widget\" data-widget_type=\"button.default\">\n\t\t\t\t<div class=\"elementor-widget-container\">\n\t\t\t\t\t\t\t\t\t<div class=\"elementor-button-wrapper\">\n\t\t\t\t\t<a class=\"elementor-button elementor-button-link elementor-size-sm\" href=\"https:\/\/www.ginecolegs.com\/contacte\/\">\n\t\t\t\t\t\t<span class=\"elementor-button-content-wrapper\">\n\t\t\t\t\t\t\t\t\t<span class=\"elementor-button-text\">Contacta con nosotros<\/span>\n\t\t\t\t\t<\/span>\n\t\t\t\t\t<\/a>\n\t\t\t\t<\/div>\n\t\t\t\t\t\t\t\t<\/div>\n\t\t\t\t<\/div>\n\t\t\t\t<\/div>\n\t\t\t\t\t<\/div>\n\t\t\t\t<\/div>\n\t\t\t\t<\/div>\n\t\t","protected":false},"excerpt":{"rendered":"<p>EXPERIENCIA, COMPROMISO Y ATENCI\u00d3N CERCANA Somos un centro referente en ginecolog\u00eda y obstetricia Desde 1980 trabajamos juntos para ofrecer una atenci\u00f3n integral y de calidad en todas las etapas de la salud femenina. Contamos con un equipo consolidado de ginec\u00f3logos, comadronas y enfermeras, con el apoyo de profesionales colaboradores en \u00e1reas espec\u00edficas. Trabajamos en red [&hellip;]<\/p>\n","protected":false},"author":1,"featured_media":0,"parent":0,"menu_order":0,"comment_status":"closed","ping_status":"closed","template":"","meta":{"footnotes":""},"class_list":["post-1490","page","type-page","status-publish","hentry"],"_links":{"self":[{"href":"https:\/\/www.ginecolegs.com\/es\/wp-json\/wp\/v2\/pages\/1490","targetHints":{"allow":["GET"]}}],"collection":[{"href":"https:\/\/www.ginecolegs.com\/es\/wp-json\/wp\/v2\/pages"}],"about":[{"href":"https:\/\/www.ginecolegs.com\/es\/wp-json\/wp\/v2\/types\/page"}],"author":[{"embeddable":true,"href":"https:\/\/www.ginecolegs.com\/es\/wp-json\/wp\/v2\/users\/1"}],"replies":[{"embeddable":true,"href":"https:\/\/www.ginecolegs.com\/es\/wp-json\/wp\/v2\/comments?post=1490"}],"version-history":[{"count":0,"href":"https:\/\/www.ginecolegs.com\/es\/wp-json\/wp\/v2\/pages\/1490\/revisions"}],"wp:attachment":[{"href":"https:\/\/www.ginecolegs.com\/es\/wp-json\/wp\/v2\/media?parent=1490"}],"curies":[{"name":"wp","href":"https:\/\/api.w.org\/{rel}","templated":true}]}}